{"id":7180,"date":"2022-01-15T06:44:22","date_gmt":"2022-01-15T06:44:22","guid":{"rendered":"https:\/\/peritaanalitik.com\/sehirlerin-dijital-donusumu-ve-akilli-sehirler\/"},"modified":"2022-01-15T07:15:15","modified_gmt":"2022-01-15T07:15:15","slug":"sehirlerin-dijital-donusumu-ve-akilli-sehirler","status":"publish","type":"page","link":"https:\/\/peritaanalitik.com\/en\/sehirlerin-dijital-donusumu-ve-akilli-sehirler\/","title":{"rendered":"\u015eehirlerin Dijital D\u00f6n\u00fc\u015f\u00fcm\u00fc ve Ak\u0131ll\u0131 \u015eehirler"},"content":{"rendered":"\t\t<div data-elementor-type=\"wp-page\" data-elementor-id=\"7180\" class=\"elementor elementor-7180 elementor-7160\" data-elementor-settings=\"[]\">\n\t\t\t\t\t\t\t<div class=\"elementor-section-wrap\">\n\t\t\t\t\t\t\t<section class=\"elementor-section elementor-top-section elementor-element elementor-element-c402acd elementor-section-boxed elementor-section-height-default elementor-section-height-default\" data-id=\"c402acd\" data-element_type=\"section\">\n\t\t\t\t\t\t<div class=\"elementor-container elementor-column-gap-default\">\n\t\t\t\t\t<div class=\"elementor-column elementor-col-100 elementor-top-column elementor-element elementor-element-31ef54c\" data-id=\"31ef54c\" data-element_type=\"column\">\n\t\t\t<div class=\"elementor-widget-wrap elementor-element-populated\">\n\t\t\t\t\t\t\t\t<div class=\"elementor-element elementor-element-93ce65f elementor-widget elementor-widget-image\" data-id=\"93ce65f\" data-element_type=\"widget\" data-widget_type=\"image.default\">\n\t\t\t\t<div class=\"elementor-widget-container\">\n\t\t\t<style>\/*! elementor - v3.5.3 - 28-12-2021 *\/\n.elementor-widget-image{text-align:center}.elementor-widget-image a{display:inline-block}.elementor-widget-image a img[src$=\".svg\"]{width:48px}.elementor-widget-image img{vertical-align:middle;display:inline-block}<\/style>\t\t\t\t\t\t\t\t\t\t\t\t<img width=\"492\" height=\"329\" src=\"https:\/\/peritaanalitik.com\/wp-content\/uploads\/2022\/01\/Sehirlerin-Dijital-Donusumu-ve-Akilli-Sehirler.jpg\" class=\"attachment-large size-large\" alt=\"\" loading=\"lazy\" \/>\t\t\t\t\t\t\t\t\t\t\t\t\t\t\t<\/div>\n\t\t\t\t<\/div>\n\t\t\t\t<div class=\"elementor-element elementor-element-2ca0a6c elementor-widget elementor-widget-text-editor\" data-id=\"2ca0a6c\" data-element_type=\"widget\" data-widget_type=\"text-editor.default\">\n\t\t\t\t<div class=\"elementor-widget-container\">\n\t\t\t<style>\/*! elementor - v3.5.3 - 28-12-2021 *\/\n.elementor-widget-text-editor.elementor-drop-cap-view-stacked .elementor-drop-cap{background-color:#818a91;color:#fff}.elementor-widget-text-editor.elementor-drop-cap-view-framed .elementor-drop-cap{color:#818a91;border:3px solid;background-color:transparent}.elementor-widget-text-editor:not(.elementor-drop-cap-view-default) .elementor-drop-cap{margin-top:8px}.elementor-widget-text-editor:not(.elementor-drop-cap-view-default) .elementor-drop-cap-letter{width:1em;height:1em}.elementor-widget-text-editor .elementor-drop-cap{float:left;text-align:center;line-height:1;font-size:50px}.elementor-widget-text-editor .elementor-drop-cap-letter{display:inline-block}<\/style>\t\t\t\t<iframe loading=\"lazy\" width=\"100\" height=\"420\" src=\"https:\/\/www.youtube.com\/embed\/LspL-_uQwtI\" title=\"YouTube video player\" frameborder=\"0\" allow=\"accelerometer; autoplay; clipboard-write; encrypted-media; gyroscope; picture-in-picture\" allowfullscreen><\/iframe>\t\t\t\t\t\t<\/div>\n\t\t\t\t<\/div>\n\t\t\t\t\t<\/div>\n\t\t<\/div>\n\t\t\t\t\t\t\t<\/div>\n\t\t<\/section>\n\t\t\t\t\t\t<\/div>\n\t\t\t\t\t<\/div>\n\t\t","protected":false},"excerpt":{"rendered":"","protected":false},"author":1,"featured_media":0,"parent":0,"menu_order":0,"comment_status":"closed","ping_status":"closed","template":"","meta":[],"_links":{"self":[{"href":"https:\/\/peritaanalitik.com\/en\/wp-json\/wp\/v2\/pages\/7180"}],"collection":[{"href":"https:\/\/peritaanalitik.com\/en\/wp-json\/wp\/v2\/pages"}],"about":[{"href":"https:\/\/peritaanalitik.com\/en\/wp-json\/wp\/v2\/types\/page"}],"author":[{"embeddable":true,"href":"https:\/\/peritaanalitik.com\/en\/wp-json\/wp\/v2\/users\/1"}],"replies":[{"embeddable":true,"href":"https:\/\/peritaanalitik.com\/en\/wp-json\/wp\/v2\/comments?post=7180"}],"version-history":[{"count":1,"href":"https:\/\/peritaanalitik.com\/en\/wp-json\/wp\/v2\/pages\/7180\/revisions"}],"predecessor-version":[{"id":7186,"href":"https:\/\/peritaanalitik.com\/en\/wp-json\/wp\/v2\/pages\/7180\/revisions\/7186"}],"wp:attachment":[{"href":"https:\/\/peritaanalitik.com\/en\/wp-json\/wp\/v2\/media?parent=7180"}],"curies":[{"name":"wp","href":"https:\/\/api.w.org\/{rel}","templated":true}]}}