{"id":7179,"date":"2022-01-15T06:40:50","date_gmt":"2022-01-15T06:40:50","guid":{"rendered":"https:\/\/peritaanalitik.com\/saglik-olsun\/"},"modified":"2022-01-15T07:09:36","modified_gmt":"2022-01-15T07:09:36","slug":"saglik-olsun","status":"publish","type":"page","link":"https:\/\/peritaanalitik.com\/en\/saglik-olsun\/","title":{"rendered":"Sa\u011fl\u0131k Olsun\u2026"},"content":{"rendered":"\t\t<div data-elementor-type=\"wp-page\" data-elementor-id=\"7179\" class=\"elementor elementor-7179 elementor-7154\" data-elementor-settings=\"[]\">\n\t\t\t\t\t\t\t<div class=\"elementor-section-wrap\">\n\t\t\t\t\t\t\t<section class=\"elementor-section elementor-top-section elementor-element elementor-element-705b969 elementor-section-boxed elementor-section-height-default elementor-section-height-default\" data-id=\"705b969\" data-element_type=\"section\">\n\t\t\t\t\t\t<div class=\"elementor-container elementor-column-gap-default\">\n\t\t\t\t\t<div class=\"elementor-column elementor-col-100 elementor-top-column elementor-element elementor-element-66d4a67\" data-id=\"66d4a67\" data-element_type=\"column\">\n\t\t\t<div class=\"elementor-widget-wrap elementor-element-populated\">\n\t\t\t\t\t\t\t\t<div class=\"elementor-element elementor-element-1705ca2 elementor-widget elementor-widget-image\" data-id=\"1705ca2\" data-element_type=\"widget\" data-widget_type=\"image.default\">\n\t\t\t\t<div class=\"elementor-widget-container\">\n\t\t\t<style>\/*! elementor - v3.5.3 - 28-12-2021 *\/\n.elementor-widget-image{text-align:center}.elementor-widget-image a{display:inline-block}.elementor-widget-image a img[src$=\".svg\"]{width:48px}.elementor-widget-image img{vertical-align:middle;display:inline-block}<\/style>\t\t\t\t\t\t\t\t\t\t\t\t<img width=\"492\" height=\"329\" src=\"https:\/\/peritaanalitik.com\/wp-content\/uploads\/2022\/01\/Doctor20online2C20Online20medical20communicat.png\" class=\"attachment-large size-large\" alt=\"\" loading=\"lazy\" \/>\t\t\t\t\t\t\t\t\t\t\t\t\t\t\t<\/div>\n\t\t\t\t<\/div>\n\t\t\t\t<div class=\"elementor-element elementor-element-7acf243 elementor-widget elementor-widget-text-editor\" data-id=\"7acf243\" data-element_type=\"widget\" data-widget_type=\"text-editor.default\">\n\t\t\t\t<div class=\"elementor-widget-container\">\n\t\t\t<style>\/*! elementor - v3.5.3 - 28-12-2021 *\/\n.elementor-widget-text-editor.elementor-drop-cap-view-stacked .elementor-drop-cap{background-color:#818a91;color:#fff}.elementor-widget-text-editor.elementor-drop-cap-view-framed .elementor-drop-cap{color:#818a91;border:3px solid;background-color:transparent}.elementor-widget-text-editor:not(.elementor-drop-cap-view-default) .elementor-drop-cap{margin-top:8px}.elementor-widget-text-editor:not(.elementor-drop-cap-view-default) .elementor-drop-cap-letter{width:1em;height:1em}.elementor-widget-text-editor .elementor-drop-cap{float:left;text-align:center;line-height:1;font-size:50px}.elementor-widget-text-editor .elementor-drop-cap-letter{display:inline-block}<\/style>\t\t\t\t<div class=\"field-item even\">\n<div class=\"field-item even\">\n<div class=\"field-item even\">\n<div class=\"field-item even\">\n<p class=\"font_8\" style=\"text-align: center;\"><em>\u201cHalk i\u00e7inde muteber bir nesne yok devlet gibi, olmaya devlet cihanda, bir nefes s\u0131hhat gibi\u201d<\/em><\/p>\n<p class=\"font_8\">Kanuni Sultan S\u00fcleyman\u2019\u0131n as\u0131rlar \u00f6nce hasta yata\u011f\u0131nda s\u00f6yledi\u011fi s\u00f6zde iki farkl\u0131 yerde ge\u00e7en \u201cdevlet\u201d kelimesi muhtemelen hem bildi\u011fimiz anlamda, hem de \u015fans, mutluluk anlamlar\u0131nda kullanm\u0131\u015f\u2026 Her hal\u00fckarda s\u00f6z\u00fcn vurgusunun gitti\u011fi tema sa\u011fl\u0131\u011f\u0131n, insan\u0131n t\u00fcm ya\u015fam d\u00f6ng\u00fcs\u00fcndeki tart\u0131\u015f\u0131lmaz \u00f6nemi ve de\u011feri\u2026<\/p>\n<p class=\"font_8\">D\u00fcnya, g\u00fcn\u00fcm\u00fczde art\u0131k daha fazla kavramlar\u0131n gelece\u011fini konu\u015fur hale geldi: \u201cula\u015f\u0131m\u0131n gelece\u011fi\u201d, \u201ci\u015fin gelece\u011fi\u201d, \u201ctar\u0131m\u0131n gelece\u011fi\u201d, \u201csa\u011fl\u0131\u011f\u0131n gelece\u011fi\u201d\u2026 Bunlar\u0131n aras\u0131nda sa\u011fl\u0131k ve sa\u011fl\u0131\u011f\u0131n gelece\u011fi tart\u0131\u015fmalar\u0131 hep reva\u00e7ta olsa da \u00f6zellikle COVID-19 s\u00fcrecinde tart\u0131\u015fma listesinin ba\u015f\u0131na oturdu ve s\u0131kl\u0131kla konu\u015fulan ve hayata ge\u00e7irilen yenilik\u00e7i \u00f6ng\u00f6r\u00fclerden ve uygulamalardan belki de en fazla nasibini ald\u0131..<\/p>\n<p class=\"font_8\">Bu yaz\u0131m\u0131zda, son bir senede farkl\u0131 ki\u015filer, kurumlar ve yay\u0131nlar arac\u0131l\u0131\u011f\u0131 ile defalarca konu\u015fulan, masalara yat\u0131r\u0131lan, analiz edilen ve \u00fczerinde \u00f6ng\u00f6r\u00fcler geli\u015ftirilen \u201csa\u011fl\u0131\u011f\u0131n bug\u00fcn\u00fc ve gelece\u011fi\u201dni b\u00fct\u00fcnsel ve derleyici bir yakla\u015f\u0131mla ele alaca\u011f\u0131z ve payda\u015flar taraf\u0131ndan somut olarak at\u0131lmas\u0131 gereken ad\u0131mlara ili\u015fkin baz\u0131 \u00f6nerilerimizi payla\u015faca\u011f\u0131z.<\/p>\n<p class=\"font_8\">Evet, COVID-19 bizi 2020 senesinin ba\u015flar\u0131ndan itibaren ortaya koyulan sa\u011fl\u0131\u011f\u0131n gelece\u011fi \u00f6ng\u00f6r\u00fclerine daha da yakla\u015ft\u0131rd\u0131&#8230; Hem de teoriden prati\u011fe bir yolculu\u011fu da h\u0131zl\u0131 bir \u015fekilde ba\u015flatarak\u2026\u00a0<strong>Veri payla\u015f\u0131m\u0131, birlikte \u00e7al\u0131\u015fabilirlik, mRNA<\/strong>\u00a0teknolojilerinde ve\u00a0<strong>CRISPR tabanl\u0131 te\u015fhis ve tedavi teknolojileri<\/strong>\u00a0gibi bilimsel alanlarda ilerleme,\u00a0<strong>davran\u0131\u015fsal de\u011fi\u015fimler, dijital sa\u011fl\u0131k \u00fcr\u00fcn ve \u00e7\u00f6z\u00fcmleri, tele-t\u0131p uygulamalar\u0131<\/strong>na e\u011filim ve\u00a0<strong>sa\u011fl\u0131k okur yazarl\u0131\u011f\u0131ndaki<\/strong> art\u0131\u015f gibi konular ve tabi ki\u00a0ilaca, a\u015f\u0131ya eri\u015fimin ne kadar hassas ve kritik oldu\u011fu, devlet kurumlar\u0131n\u0131n bu kapsamdaki rolleri ba\u015fl\u0131klar\u0131nda son 1 senede ciddi farkl\u0131la\u015fmalara tan\u0131k olduk.<\/p>\n<h3 class=\"font_8\">Art\u0131k d\u00fcnya, tedavi hizmetleri odakl\u0131 de\u011fil sa\u011fl\u0131kl\u0131 ya\u015fam ve \u00f6nleyici \/ koruyucu bak\u0131m odakl\u0131 bir gelece\u011fi konu\u015fur hale geldi.<\/h3>\n<p class=\"font_8\">Pandemi s\u00fcreci bir kez daha bize hat\u0131rlatt\u0131 ki, sa\u011fl\u0131kl\u0131 ya\u015fam ko\u015fullar\u0131na adapte olmak ve teknolojinin oyun de\u011fi\u015ftirici g\u00fcc\u00fc ile erken te\u015fhislerin konulmas\u0131 ve kararlar\u0131n al\u0131nmas\u0131 ger\u00e7ekten \u00f6nemli. Bu adaptasyon sadece \u201cerken te\u015fhis hayat kurtar\u0131r\u201d perspektifinden de\u011fil, hem sa\u011fl\u0131k harcamalar\u0131n\u0131 optimize edici bir etkisi olmas\u0131 nedeniyle, hem de azalan i\u015fg\u00fcc\u00fc verimlili\u011fini ve toplumsal refah\u0131 da art\u0131r\u0131c\u0131 sonu\u00e7lar\u0131ndan dolay\u0131 fazlas\u0131yla katma de\u011ferli bir yakla\u015f\u0131m.<\/p>\n<p class=\"font_8\">\u015eimdi \u201cB\u00fct\u00fcnsel hasta deneyimi\u201d d\u00f6nemi!<\/p>\n<p class=\"font_8\">Art\u0131k hastalar\u0131n tedavi yolculu\u011funda, \u00e7oklu kanallar\u0131 da i\u00e7eren\u00a0b\u00fct\u00fcnsel hasta deneyimi\u00a0\u00f6n plana \u00e7\u0131k\u0131yor. Tedavi merkezleri ve sa\u011fl\u0131k kurulu\u015flar\u0131 \u00e7evresinde de\u011fil, hastan\u0131n ihtiya\u00e7 ve beklentileri \u00e7evresinde d\u00f6nen bir gelecekten bahsediyoruz.<\/p>\n<h3 class=\"font_8\"><span class=\"wixGuard\">\u200b<\/span>Yapay zeka i\u015fba\u015f\u0131nda!<\/h3>\n<p class=\"font_8\">Verinin ve i\u00e7g\u00f6r\u00fc odakl\u0131 analizlerin de yard\u0131m\u0131 ile ki\u015fiselle\u015ftirilmi\u015f tedavilere \u00e7ok h\u0131zl\u0131 ge\u00e7i\u015f yap\u0131lmas\u0131 s\u00f6z konusu. Hastal\u0131\u011f\u0131n seyri, semptomlar\u0131 ve ki\u015filerin sa\u011fl\u0131k ge\u00e7mi\u015fleri do\u011frultusunda, hastaya verilmesi d\u00fc\u015f\u00fcn\u00fclen ila\u00e7lar\u0131n i\u00e7erikleri, o ki\u015fide neden olabilecek yan etkiler de g\u00f6z \u00f6n\u00fcnde bulundurularak, yapay zeka \u00e7\u00f6z\u00fcmleri ile ger\u00e7ek zamanl\u0131 olarak analiz ediliyor ve ila\u00e7lar art\u0131k buna g\u00f6re \u00fcretiliyor. \u00d6ng\u00f6r\u00fc analizleri ile hastaneler, hangi d\u00f6nemlerde ne kadar ve hangi kategori ve bran\u015fta sa\u011fl\u0131k personeli bulundurmalar\u0131 gerekece\u011fini olduk\u00e7a hassas olarak planlayabiliyorlar. Nadir hastal\u0131klar i\u00e7in\u00a0h\u00fccre ve gen terapileri\u00a0art\u0131k rutin ihtiya\u00e7lar ve uygulamalar olarak g\u00fcndemde. \u0130nsan genlerine g\u00f6re \u00f6zelle\u015fmi\u015f diyet programlar\u0131 \u00fczerinde \u00e7al\u0131\u015f\u0131lmakta. \u00dcretim ve tedarik zinciri taraf\u0131nda \u00f6nemli farkl\u0131la\u015fmalar yarat\u0131lmaya ba\u015fland\u0131 bile.<\/p>\n<h3 class=\"font_8\">Ba\u015frolde \u201ctele-sa\u011fl\u0131k\u201d<\/h3>\n<p class=\"font_8\">Sanal Sa\u011fl\u0131k uygulamalar\u0131, telet\u0131p uygulamalar\u0131, art\u0131k \u00f6nlenemez \u015fekilde hem y\u00fcksek talebi ve maliyetleri kontrol alt\u0131na almak, hem de hasta memnuniyetini art\u0131rmak a\u00e7\u0131lar\u0131ndan y\u00fckseli\u015fte. Bir McKinsey ara\u015ft\u0131rmas\u0131na g\u00f6re, \u00f6n\u00fcm\u00fczdeki y\u0131llarda, sadece ABD\u2019de 250 milyar USD sa\u011fl\u0131k harcamas\u0131 uzaktan sa\u011fl\u0131k hizmetlerine kayacak. \u00dcr\u00fcn ve hizmet anlam\u0131nda teknoloji ve nitelikli insan g\u00fcc\u00fcne de katk\u0131 sa\u011flayan bu e\u011filim, art\u0131k geleneksel sa\u011fl\u0131k oyuncular\u0131 d\u0131\u015f\u0131nda kalan payda\u015flar\u0131n da bu alanlara yat\u0131r\u0131m yapt\u0131\u011f\u0131 bir duruma evrildi diyebiliriz.<\/p>\n<p class=\"font_8\">Deloitte taraf\u0131ndan yap\u0131lan global bir ara\u015ft\u0131rma ciddi bir memnuniyeti ortaya koyuyor ve gelece\u011fin ayak seslerinden haberler veriyor:<\/p>\n<p><img loading=\"lazy\" class=\"alignnone size-full wp-image-5982\" src=\"http:\/\/peritaanalitik.com\/wp-content\/uploads\/2016\/01\/Deloitte_AraC59FtC4B1rma.png\" alt=\"\" width=\"600\" height=\"343\" \/><\/p>\n<p class=\"font_8\"><span class=\"wixGuard\">\u200b<\/span><\/p>\n<h3 class=\"font_8\">Her\u015feyin ba\u015f\u0131: veri<\/h3>\n<p class=\"font_8\">Art\u0131k her ki\u015fi ve kurum her ortamda farkl\u0131 kanallar ile veri \u00fcreten ve payla\u015fan hale geldi. Bu da verinin yaratt\u0131\u011f\u0131 katma de\u011feri \u00e7ok art\u0131rd\u0131. \u00dcretilen veri hem kamu kurumlar\u0131 hem de sa\u011fl\u0131k kurumlar\u0131, sa\u011fl\u0131k profesyonelleri ve ki\u015filerin kendileri taraf\u0131ndan h\u0131zl\u0131 ve kaliteli kararlar almak i\u00e7in kullan\u0131l\u0131yor.<\/p>\n<h3 class=\"font_8\">Uzun vadeli d\u00fc\u015f\u00fcnme zaman\u0131<\/h3>\n<p class=\"font_8\">T\u00fcm bunlara ek olarak, art\u0131k geleneksel sigorta \u015firketi gibi \u00f6deme kurulu\u015fu yap\u0131lar\u0131 da, ki\u015fiye \u00f6zel sa\u011fl\u0131k finansman\u0131 yaratan, tamamlay\u0131c\u0131 sa\u011fl\u0131k sigortalar\u0131, uzun d\u00f6nem sa\u011fl\u0131k sigortalar\u0131 sa\u011flay\u0131c\u0131lar\u0131 olma gibi, ya da maliyetleri d\u00fc\u015f\u00fcrmek ad\u0131na m\u00fc\u015fterilerine ki\u015fiselle\u015ftirilmi\u015f sa\u011fl\u0131kl\u0131 ya\u015fam, evde sa\u011fl\u0131k hizmetleri ve koruyucu bak\u0131m hizmetleri \u00f6nerme gibi i\u015f modellerine ge\u00e7i\u015f yapan yap\u0131lara d\u00f6n\u00fc\u015f\u00fcyorlar.<\/p>\n<h3 class=\"font_8\">Gelece\u011fin hastanesi !<\/h3>\n<p class=\"font_8\">Bilimkurgu yazar\u0131 Arthur C. Clark\u2019\u0131n 1964\u2019te \u00e7izdi\u011fi gelecek tasviri ger\u00e7ek oldu: Zaman, \u0130ngiltere\u2019deki bir doktorun yeni teknolojilerle ve internetle Yeni Zelanda\u2019da bir hastay\u0131 ameliyat edece\u011fini \u00f6ng\u00f6ren Arthur C. Clark\u2019\u0131 hakl\u0131 \u00e7\u0131karm\u0131\u015f oldu. Doktorlar\u0131n yetkinliklerini art\u0131rmak, kompleks m\u00fcdahaleleri planlamak ve ameliyatlar\u0131 en az riskli bir \u015fekilde m\u00fcmk\u00fcn k\u0131lmak ad\u0131na sanal ger\u00e7eklik sim\u00fclasyonlar\u0131 kullan\u0131lmaya ba\u015fland\u0131 bile. Lokasyon ba\u011f\u0131ms\u0131z tele-sa\u011fl\u0131k uygulamalar\u0131 ile uzaktan muayene ve te\u015fhis i\u015flemlerinin daha \u00f6tesinde, uzman doktorlar\u0131n sanal ger\u00e7eklik uygulamalar\u0131 ile d\u00fcnyan\u0131n herhangi bir yerindeki hastay\u0131 uzaktan ameliyat etmelerinin de \u00f6n\u00fc a\u00e7\u0131lm\u0131\u015f oldu. 5G altyap\u0131s\u0131n\u0131n da geli\u015fimi ile bu t\u00fcr i\u015flemlerin belli bir s\u00fcre i\u00e7erisinde art\u0131k s\u0131radanla\u015faca\u011f\u0131n\u0131 s\u00f6ylemek hi\u00e7 de zor de\u011fil.<\/p>\n<p class=\"font_8\">Sa\u011fl\u0131\u011f\u0131n yak\u0131n gelece\u011finde art\u0131k \u201cgeleneksel oyuncular\u201d olan tedavi merkezlerini, hastaneleri ve sa\u011fl\u0131k sigortas\u0131 \u015firketlerini, veri ve teknoloji sa\u011flay\u0131c\u0131 \u015firketlerle ve ileri analitik hizmetler sunan start-up\u2019larla bir arada g\u00f6rece\u011fiz. Bu t\u00fcr yeni i\u015f modellerinin fizibiliteleri yap\u0131lmaya ba\u015fland\u0131 bile. Birinci basamak sa\u011fl\u0131k hizmetlerinin kapsamlar\u0131n\u0131n geni\u015fledi\u011fi, evde bak\u0131m ve ya\u015fl\u0131 bak\u0131m hizmetlerine de d\u00f6n\u00fc\u015ft\u00fc\u011f\u00fc, temel oda\u011f\u0131n insan oldu\u011fu bir s\u00fcre\u00e7ten h\u0131zl\u0131 bir \u015fekilde ge\u00e7iyoruz.<\/p>\n<p class=\"font_8\">Yukar\u0131da sayd\u0131\u011f\u0131m\u0131z sa\u011fl\u0131k odakl\u0131 ve adeta mucize gibi geli\u015fmelerin say\u0131s\u0131n\u0131 ve detay seviyesini art\u0131rmak, d\u00fcnyan\u0131n farkl\u0131 b\u00f6lgelerinden somut ve pratik uygulamalar\u0131 s\u0131ralamak m\u00fcmk\u00fcn. Tabi bir taraftan da sa\u011fl\u0131k sekt\u00f6r\u00fcn\u00fcn t\u00fcm d\u00fcnyada a\u011f\u0131rl\u0131kl\u0131 d\u00fczenlemeye tabi sekt\u00f6rlerin ba\u015f\u0131nda geldi\u011fini de belirtmek gerekiyor. Hem ki\u015fisel verilerin g\u00fcvenli\u011fi anlam\u0131nda hem de rekabet boyutlar\u0131nda farkl\u0131 reg\u00fclasyonlara tabi olan bir end\u00fcstriden bahsediyoruz. \u00d6zellikle teknolojinin cari mevzuata g\u00f6re g\u00f6zle g\u00f6r\u00fclebilir \u015fekilde \u00f6n planda gitti\u011fi bir sekt\u00f6rde d\u00fczenleyici hamlelerin de bu ba\u015f d\u00f6nd\u00fcr\u00fcc\u00fc h\u0131za uyum sa\u011flamas\u0131 gerekiyor. Sadece finansal g\u00f6stergeleri de\u011fil insan oda\u011f\u0131n\u0131, sa\u011fl\u0131\u011fa h\u0131zl\u0131 ve kaliteli eri\u015fimi hedefleyen bir \u00e7izgide devletlerin ve t\u00fcm sekt\u00f6r payda\u015flar\u0131n\u0131n bir arada y\u00fcr\u00fcmesi gerekti\u011fine inanc\u0131m\u0131z tam.<\/p>\n<p class=\"font_8\">T\u00fcrkiye, son 20 y\u0131lda ciddi bir sa\u011fl\u0131k d\u00f6n\u00fc\u015f\u00fcm\u00fcne y\u00f6neldi ve ciddi sa\u011fl\u0131k sistemlerini hayata ge\u00e7iren, bu anlamda d\u00fcnyan\u0131n pek \u00e7ok \u00fclkesine \u00f6rnek olan bir konumda. Ancak OECD rasyolar\u0131na bakt\u0131\u011f\u0131m\u0131zda ki\u015fi ba\u015f\u0131na d\u00fc\u015fen sa\u011fl\u0131k kaynaklar\u0131 anlam\u0131nda baz\u0131 kategorilerde ortalamalar\u0131n alt\u0131nday\u0131z. Burada \u00f6nemli nokta; sa\u011fl\u0131\u011f\u0131n gelece\u011fini hayal ederken kapasite sorunlar\u0131m\u0131za nas\u0131l cevap vermemiz gerekti\u011fini de \u015fimdiden d\u00fc\u015f\u00fcnmek gerekiyor. Arz ve talebi ekonomi ve kalite ba\u011flam\u0131nda optimum dengeye nas\u0131l getiririz? Kapasite sorunlar\u0131 ya\u015farken operasyonel verimlili\u011fi de nas\u0131l s\u00fcrd\u00fcrebiliriz gibi sorunlar\u0131n cevaplar\u0131n\u0131 dijital d\u00f6n\u00fc\u015f\u00fcm unsurlar\u0131n\u0131 da g\u00f6zeterek aramaya ba\u015flamak gerekiyor. Sa\u011fl\u0131k hizmet sunumunda kaliteyi daha da art\u0131rarak ama y\u00fcksek kullan\u0131mdan kaynakl\u0131 sorunlara da do\u011fru \u00e7\u00f6z\u00fcmler geli\u015ftirerek yakla\u015fmak gerekiyor. Hem insanlar hem de sa\u011fl\u0131k hizmet sunucular\u0131 taraf\u0131nda gereksiz yarat\u0131lan talebin kontrol alt\u0131na al\u0131nmas\u0131, sa\u011fl\u0131k insan g\u00fcc\u00fc y\u00f6netiminde i\u015fin gelece\u011fi yakla\u015f\u0131mlar\u0131 ile de paralel olacak \u015fekilde \u00e7\u00f6z\u00fcmlerin geli\u015ftirilmesi, fazlas\u0131yla \u00f6nemli olacak.<\/p>\n<\/div>\n<\/div>\n<\/div>\n<\/div>\t\t\t\t\t\t<\/div>\n\t\t\t\t<\/div>\n\t\t\t\t\t<\/div>\n\t\t<\/div>\n\t\t\t\t\t\t\t<\/div>\n\t\t<\/section>\n\t\t\t\t\t\t<\/div>\n\t\t\t\t\t<\/div>\n\t\t","protected":false},"excerpt":{"rendered":"<p>\u201cHalk i\u00e7inde muteber bir nesne yok devlet gibi, olmaya devlet cihanda, bir nefes s\u0131hhat gibi\u201d Kanuni Sultan S\u00fcleyman\u2019\u0131n as\u0131rlar \u00f6nce hasta yata\u011f\u0131nda s\u00f6yledi\u011fi s\u00f6zde iki farkl\u0131 yerde ge\u00e7en \u201cdevlet\u201d kelimesi muhtemelen hem bildi\u011fimiz anlamda, hem de \u015fans, mutluluk anlamlar\u0131nda kullanm\u0131\u015f\u2026 Her hal\u00fckarda s\u00f6z\u00fcn vurgusunun gitti\u011fi tema sa\u011fl\u0131\u011f\u0131n, insan\u0131n t\u00fcm ya\u015fam d\u00f6ng\u00fcs\u00fcndeki tart\u0131\u015f\u0131lmaz \u00f6nemi ve de\u011feri\u2026 [&hellip;]<\/p>\n","protected":false},"author":1,"featured_media":0,"parent":0,"menu_order":0,"comment_status":"closed","ping_status":"closed","template":"","meta":[],"_links":{"self":[{"href":"https:\/\/peritaanalitik.com\/en\/wp-json\/wp\/v2\/pages\/7179"}],"collection":[{"href":"https:\/\/peritaanalitik.com\/en\/wp-json\/wp\/v2\/pages"}],"about":[{"href":"https:\/\/peritaanalitik.com\/en\/wp-json\/wp\/v2\/types\/page"}],"author":[{"embeddable":true,"href":"https:\/\/peritaanalitik.com\/en\/wp-json\/wp\/v2\/users\/1"}],"replies":[{"embeddable":true,"href":"https:\/\/peritaanalitik.com\/en\/wp-json\/wp\/v2\/comments?post=7179"}],"version-history":[{"count":1,"href":"https:\/\/peritaanalitik.com\/en\/wp-json\/wp\/v2\/pages\/7179\/revisions"}],"predecessor-version":[{"id":7185,"href":"https:\/\/peritaanalitik.com\/en\/wp-json\/wp\/v2\/pages\/7179\/revisions\/7185"}],"wp:attachment":[{"href":"https:\/\/peritaanalitik.com\/en\/wp-json\/wp\/v2\/media?parent=7179"}],"curies":[{"name":"wp","href":"https:\/\/api.w.org\/{rel}","templated":true}]}}