{"id":7178,"date":"2022-01-15T06:35:38","date_gmt":"2022-01-15T06:35:38","guid":{"rendered":"https:\/\/peritaanalitik.com\/360-derece-yesil-mutabakat\/"},"modified":"2022-01-15T07:09:14","modified_gmt":"2022-01-15T07:09:14","slug":"360-derece-yesil-mutabakat","status":"publish","type":"page","link":"https:\/\/peritaanalitik.com\/en\/360-derece-yesil-mutabakat\/","title":{"rendered":"360 Derece \u201cYe\u015fil Mutabakat\u201d"},"content":{"rendered":"\t\t<div data-elementor-type=\"wp-page\" data-elementor-id=\"7178\" class=\"elementor elementor-7178 elementor-7148\" data-elementor-settings=\"[]\">\n\t\t\t\t\t\t\t<div class=\"elementor-section-wrap\">\n\t\t\t\t\t\t\t<section class=\"elementor-section elementor-top-section elementor-element elementor-element-1c96f2d elementor-section-boxed elementor-section-height-default elementor-section-height-default\" data-id=\"1c96f2d\" data-element_type=\"section\">\n\t\t\t\t\t\t<div class=\"elementor-container elementor-column-gap-default\">\n\t\t\t\t\t<div class=\"elementor-column elementor-col-100 elementor-top-column elementor-element elementor-element-3155e1e\" data-id=\"3155e1e\" data-element_type=\"column\">\n\t\t\t<div class=\"elementor-widget-wrap elementor-element-populated\">\n\t\t\t\t\t\t\t\t<div class=\"elementor-element elementor-element-e5c49fc elementor-widget elementor-widget-image\" data-id=\"e5c49fc\" data-element_type=\"widget\" data-widget_type=\"image.default\">\n\t\t\t\t<div class=\"elementor-widget-container\">\n\t\t\t<style>\/*! elementor - v3.5.3 - 28-12-2021 *\/\n.elementor-widget-image{text-align:center}.elementor-widget-image a{display:inline-block}.elementor-widget-image a img[src$=\".svg\"]{width:48px}.elementor-widget-image img{vertical-align:middle;display:inline-block}<\/style>\t\t\t\t\t\t\t\t\t\t\t\t<img width=\"489\" height=\"326\" src=\"https:\/\/peritaanalitik.com\/wp-content\/uploads\/2022\/01\/GreenDeal.png\" class=\"attachment-large size-large\" alt=\"\" loading=\"lazy\" \/>\t\t\t\t\t\t\t\t\t\t\t\t\t\t\t<\/div>\n\t\t\t\t<\/div>\n\t\t\t\t<div class=\"elementor-element elementor-element-a1b4400 elementor-widget elementor-widget-text-editor\" data-id=\"a1b4400\" data-element_type=\"widget\" data-widget_type=\"text-editor.default\">\n\t\t\t\t<div class=\"elementor-widget-container\">\n\t\t\t<style>\/*! elementor - v3.5.3 - 28-12-2021 *\/\n.elementor-widget-text-editor.elementor-drop-cap-view-stacked .elementor-drop-cap{background-color:#818a91;color:#fff}.elementor-widget-text-editor.elementor-drop-cap-view-framed .elementor-drop-cap{color:#818a91;border:3px solid;background-color:transparent}.elementor-widget-text-editor:not(.elementor-drop-cap-view-default) .elementor-drop-cap{margin-top:8px}.elementor-widget-text-editor:not(.elementor-drop-cap-view-default) .elementor-drop-cap-letter{width:1em;height:1em}.elementor-widget-text-editor .elementor-drop-cap{float:left;text-align:center;line-height:1;font-size:50px}.elementor-widget-text-editor .elementor-drop-cap-letter{display:inline-block}<\/style>\t\t\t\t<div class=\"field-item even\"><div class=\"field-item even\"><div class=\"field-item even\"><h2 class=\"font_8\">360 Derece \u201cYe\u015fil Mutabakat\u201d: T\u00fcrk Firmalar\u0131n\u0131n Hayat\u0131nda Neler De\u011fi\u015fecek?<\/h2><p class=\"font_8\">\u201cYe\u015fil Mutabakat\u201d\u0131 (Green Deal) her y\u00f6n\u00fcyle ele almay\u0131 planlad\u0131\u011f\u0131m\u0131z serimizin bu ilk yaz\u0131s\u0131nda en s\u0131k sorulan ve en can al\u0131c\u0131 soruya pratik bir yan\u0131t vermek istedik: Ye\u015fil Mutabakat ile T\u00fcrk Firmalar\u0131n\u0131n Hayat\u0131nda Neler De\u011fi\u015fecek?<\/p><p class=\"font_8\">Aral\u0131k 2019\u2019da Avrupa Birli\u011fi derli toplu ve iddial\u0131 bir iklim de\u011fi\u015fikli\u011fi ile m\u00fccadele stratejisi a\u00e7\u0131klad\u0131, akabinde 2020 i\u00e7erisinde de bu stratejinin arkas\u0131nda duran ve nas\u0131l uygulanaca\u011f\u0131n\u0131 ele alan reg\u00fclasyonlar\u0131 haz\u0131rlamaya ba\u015flad\u0131. Bunlara ilerleyen yaz\u0131lar\u0131m\u0131zda yer verece\u011fiz ancak \u00f6zetle \u015funu s\u00f6yleyelim:\u00a0<em><span style=\"color: #008000;\">Ye\u015fil Mutabakat \u201cka\u011f\u0131t \u00fczerinde haval\u0131, romantik bir strateji\u201d de\u011fil, son derece somut ve radikal bir \u015fekilde hem Avrupa\u2019n\u0131n hem de ucundan kula\u011f\u0131ndan Avrupa\u2019ya dokunan herkesin hayat\u0131n\u0131 etkileyen yeni bir d\u00fczen demek. Anlamak ve haz\u0131r olmak gerek.<\/span><\/em><\/p><p class=\"font_8\">Ye\u015fil mutabakat \u00f6zet olarak bir \u201cye\u015fil b\u00fcy\u00fcme\u201d stratejisi. Daha \u00f6nceki stratejilerden farkl\u0131 olarak kaynaklar\u0131n s\u00fcrd\u00fcr\u00fclebilirli\u011finin sa\u011flanmas\u0131 ve ayn\u0131 anda b\u00fcy\u00fcmeye devam edilebilmesi i\u00e7in \u00e7ok y\u00f6nl\u00fc ve somut aksiyonlar i\u00e7eriyor. Nihai hedef: 2050\u2019de s\u0131f\u0131r net emisyonlu (karbon-n\u00f6tr) bir Avrupa. Bunun ka\u011f\u0131t \u00fczerinde tutmas\u0131ndan \u00f6te kirli \u00fcretimin di\u011fer \u00fclkelere kayd\u0131r\u0131lmas\u0131 gibi \u201cka\u00e7ak karbon\u201d riskini de \u00f6nlemek \u00fczere ucu Avrupa\u2019ya dokunan tedarik zincirlerinin de karbon-n\u00f6tr olmas\u0131n\u0131 zorunlu k\u0131l\u0131yor. \u0130\u015fte T\u00fcrk firmalar\u0131n\u0131 ilgilendiren kritik nokta buras\u0131: kendisi veya m\u00fc\u015fterisi Avrupa\u2019ya ihracat yapan T\u00fcrk firmalar\u0131 ye\u015fil mutabakat\u0131n gereklerine uymak zorunda.<\/p><p class=\"font_8\">Karbon n\u00f6tr b\u00fcy\u00fcmenin en \u00f6nemli ara\u00e7lar\u0131n\u0131,\u00a0<span style=\"color: #00ccff;\">d\u00f6ng\u00fcsel ekonomi, dijital d\u00f6n\u00fc\u015f\u00fcm, insana yat\u0131r\u0131m ve inovasyona ve veriye dayal\u0131 \u201cak\u0131ll\u0131\u201d b\u00fcy\u00fcme<\/span>\u00a0olarak g\u00f6ren Ye\u015fil Mutabakat, \u00f6ncelikli politika alanlar\u0131n\u0131 \u015f\u00f6yle belirlemi\u015f durumda:<\/p><ul class=\"font_8\"><li><p class=\"font_8\">Temiz enerji<\/p><\/li><li><p class=\"font_8\">S\u00fcrd\u00fcr\u00fclebilir end\u00fcstri<\/p><\/li><li><p class=\"font_8\">S\u00fcrd\u00fcr\u00fclebilir in\u015faat sekt\u00f6r\u00fc ile daha az kaynakla daha (\u0131s\u0131nma, dayan\u0131kl\u0131l\u0131k, kullan\u0131\u015fl\u0131l\u0131k, vb) verimli binalar yapma<\/p><\/li><li><p class=\"font_8\">\u201cTarladan \u00e7atala\u201d s\u00fcrd\u00fcr\u00fclebilir g\u0131da sekt\u00f6r\u00fc<\/p><\/li><li><p class=\"font_8\">Kirlili\u011fin azalt\u0131lmas\u0131<\/p><\/li><li><p class=\"font_8\">S\u00fcrd\u00fcr\u00fclebilir ve ak\u0131ll\u0131 mobilite<\/p><\/li><li><p class=\"font_8\">Biyo\u00e7e\u015fitlili\u011fin korunmas\u0131<\/p><\/li><\/ul><p class=\"font_8\">Politika alanlar\u0131n\u0131n her biriyle ilgili somut hedefler ve yakla\u015f\u0131mlar getirmi\u015f olan Ye\u015fil Mutabakata T\u00fcrk \u015firketlerinin en \u00e7ok merak etti\u011fi sorular \u00fczerinden bakal\u0131m:<\/p><p class=\"font_8\"><em><strong>Benim ihracat\u0131m Avrupa\u2019ya de\u011fil, yine de beni ilgilendirir mi?\u00a0Evet, muhtemelen.<\/strong><\/em>\u00a0Ye\u015fil Mutabakat Avrupa\u2019n\u0131n tek ba\u015f\u0131na ve izole bir \u015fekilde uygulayaca\u011f\u0131 bir program de\u011fil, daha ziyade k\u00fcresel bir hareketin \u00e7at\u0131s\u0131 olarak g\u00f6r\u00fcl\u00fcyor. Yeni y\u00f6netimi ile ABD\u2019nin hem Paris Anla\u015fmas\u0131n\u0131 imzalamaya karar vermesi hem de \u201c2050\u2019de karbon n\u00f6tr ABD\u201d vizyonu ile de bir arada d\u00fc\u015f\u00fcnd\u00fc\u011f\u00fcm\u00fczde g\u00f6r\u00fcnen o ki \u00f6n\u00fcm\u00fczdeki d\u00f6nemde D\u00fcnya\u2019n\u0131n \u00f6nemli al\u0131c\u0131lar\u0131 ancak \u201ckarbon n\u00f6tr\u201d tedarik\u00e7ilerle \u00e7al\u0131\u015facak, buna uyum sa\u011flamayan firmalar sekt\u00f6rden elenecek. Bir di\u011fer ifadeyle global de\u011fer zincirleri karbon n\u00f6tr hale gelecek ve bu de\u011fer zincirlerine entegre olmu\u015f t\u00fcm firmalar\u0131n da ya operasyonlar\u0131n\u0131 buna uydurmalar\u0131 gerekecek ya da oyundan d\u00fc\u015fecekler. \u015eu an ABD ve AB ile yo\u011fun ticareti olan t\u00fcm \u00fclkeler \u00f6zellikle demir-\u00e7elik, tekstil, plastik, in\u015faat, \u00e7imento gibi emisyon-yo\u011fun sekt\u00f6rlerini d\u00fczenlemek \u00fczere tedbirler ve programlar tasarlamaya ba\u015flam\u0131\u015f durumda.<\/p><p class=\"font_8\">2050\u2019ye kadar daha \u00e7ok var, bug\u00fcnden bir \u015fey yapmam gerekir mi?\u00a0Erken kalkan yol al\u0131r.\u00a0Tedarik zincirlerini bug\u00fcnden yar\u0131na de\u011fi\u015ftirmek m\u00fcmk\u00fcn de\u011fil, \u015fekillenmesi zaman al\u0131yor. Bu do\u011frultuda ana haz\u0131rl\u0131k faaliyetlerinin \u00f6n\u00fcm\u00fczdeki 5 y\u0131ll\u0131k s\u00fcre\u00e7te ger\u00e7ekle\u015fece\u011fini \u00f6ng\u00f6rmek m\u00fcmk\u00fcn. Firmalar\u0131n ad\u0131m ad\u0131m tedarik zincirlerini elden ge\u00e7irmeleri, tedarik\u00e7ilerinin ve kendi faaliyetlerinin \u00e7evresel etkilerini do\u011fru metriklerle \u00f6l\u00e7meleri ve iyile\u015ftirme inisiyatiflerini planlamalar\u0131 gerekmekte. \u0130yile\u015ftirme inisiyatifleri \u00e7o\u011funlukla dijital \u00e7\u00f6z\u00fcmleri, di\u011fer k\u00f6kl\u00fc yat\u0131r\u0131mlar\u0131 ve \u00e7ok payda\u015fl\u0131 kamu-\u00f6zel i\u015fbirli\u011fi s\u00fcre\u00e7lerinin ilerlemesini gerektirecek olup bunlar\u0131n planlanmas\u0131 ve devreye al\u0131nabilmesi belli bir zaman demek. \u00d6rnek verecek olursak; \u00e7imento sekt\u00f6r\u00fcnde t\u00fcm d\u00fcnyadaki karbon azaltma ve toplam verimlili\u011fi art\u0131rma e\u011filimlerinden birisi olan birlikte yakma yoluyla enerji \u00fcretimine ge\u00e7i\u015f i\u00e7in kurulmas\u0131 gereken MBT tesislerinin finansman\u0131, y\u00f6neti\u015fim yap\u0131s\u0131, belediyelerle yap\u0131lacak evsel at\u0131k mutabakatlar\u0131, yat\u0131r\u0131mlar\u0131n ger\u00e7ekle\u015fme ve devreye al\u0131nma s\u00fcreleri olduk\u00e7a kapsaml\u0131 aksiyonlar\u0131 i\u00e7eriyor. Elbette burada rekabetin etkisini de dikkate almak gerekiyor: bir tedarik\u00e7i d\u00f6n\u00fc\u015f\u00fcm\u00fcn\u00fc tamamlay\u0131p haz\u0131r olana dek daha h\u0131zl\u0131 bir \u015fekilde s\u00fcreci tamamlanm\u0131\u015f bir tedarik\u00e7i di\u011ferinin pazar\u0131n\u0131 elinden alabilir. Dolay\u0131s\u0131yla ne kadar erken harekete ge\u00e7ilirse o kadar iyi.<\/p><p class=\"font_8\"><em><strong>AB\u2019ye ihracat yap\u0131yorum, peki karbon n\u00f6tr olamazsam ne olacak?<\/strong><\/em>\u00a0Pazar kayb\u0131 ve paraya mal olabilir.\u00a0Daha \u00f6nce g\u00fcndeme gelen karbon vergileri Ye\u015fil Mutabakat ile yine ve daha s\u0131k\u0131 bir \u015fekilde g\u00fcndemde. AB\u2019nin taraf oldu\u011fu D\u00fcnya Ticaret \u00d6rg\u00fct\u00fc kurallar\u0131 ve di\u011fer uluslararas\u0131 anla\u015fmalar ile uyumlu \u015fekilde tasarlanacak karbon s\u0131n\u0131r y\u00f6netimi yakla\u015f\u0131m\u0131 ile AB bu y\u0131ldan ge\u00e7erli olmak \u00fczere \u201cka\u00e7ak karbon\u201dun \u00f6n\u00fcn\u00fc kesmek ama\u00e7l\u0131 olarak y\u00fcksek emisyonu olan veya enerji ba\u011f\u0131ml\u0131l\u0131\u011f\u0131ndan \u00f6t\u00fcr\u00fc emisyon potansiyeli y\u00fcksek olan k\u00f6m\u00fcr, al\u00fcminyum, demir-\u00e7elik, tekstil, haz\u0131r giyim, \u00e7imento, cam, seramik, g\u0131da gibi sekt\u00f6rler i\u00e7in karbon vergileri tan\u0131mlayaca\u011f\u0131n\u0131 a\u00e7\u0131klad\u0131. Bu, ihracat\u00e7\u0131n\u0131n g\u00f6ze almas\u0131 gereken bir maliyet- elbette halen pazar\u0131n\u0131 koruyorsa. Bir di\u011fer ifadeyle, pazarlar\u0131n\u0131 ve rekabet\u00e7i avantajlar\u0131n\u0131 korumak isteyen bu sekt\u00f6rlerdeki ihracat\u00e7\u0131lar\u0131m\u0131z\u0131n olabildi\u011fince erken tedbir almalar\u0131nda fayda var.<\/p><p class=\"font_8\"><em><strong>Karbon n\u00f6tr olman\u0131n maliyeti ne olacak?<\/strong><\/em>\u00a0AB, Ye\u015fil Mutabakat Yat\u0131r\u0131m Plan\u0131 (European Green Deal Investment Plan) ile \u00f6n\u00fcm\u00fczdeki on y\u0131ll\u0131k d\u00f6nemde harcanmak \u00fczere 1 trilyon EURO tutar\u0131nda bir fon planlam\u0131\u015f durumda. \u0130laveten, T\u00fcrkiye\u2019nin de bir par\u00e7as\u0131 oldu\u011fu Ufuk 2020 Program\u0131 \u00f6n\u00fcm\u00fczdeki d\u00f6nemde b\u00fct\u00e7esinin %35\u2019ini iklim de\u011fi\u015fikli\u011fi ile ilgili \u00e7\u00f6z\u00fcmlere ay\u0131rd\u0131\u011f\u0131n\u0131 a\u00e7\u0131klad\u0131. Avrupa Birli\u011fi finansman programlar\u0131nda \u00f6nc\u00fc rol oynayacak ancak T\u00fcrkiye a\u00e7\u0131s\u0131ndan da bakt\u0131\u011f\u0131m\u0131zda, h\u0131zl\u0131 bir \u015fekilde hem firmalara etkili \u015fekilde yol g\u00f6sterici nitelikte, hem de finansman sa\u011flayan aksiyonlar\u0131n yine AB kurumlar\u0131 ile i\u015f birli\u011fi i\u00e7inde tasarlanmas\u0131 gerekti\u011fini g\u00f6r\u00fcyoruz. \u00d6zellikle AB\u2019de KOB\u0130\u2019leri desteklemek \u00fczere organize edilmi\u015f \u00e7e\u015fitli programlar var ve T\u00fcrkiye gibi \u00fc\u00e7\u00fcnc\u00fc taraflarla i\u015fbirli\u011fi imkanlar\u0131 bulunuyor.<\/p><p class=\"font_8\">\u0130\u015f karbon ayak izinde bitiyor mu?\u00a0Hay\u0131r. Ye\u015fil Mutabakat\u2019\u0131 hem getirdi\u011fi d\u00fczenlemelerin kendisi hem de d\u00fczenlemelerin son t\u00fcketicide yol a\u00e7t\u0131\u011f\u0131 davran\u0131\u015f de\u011fi\u015fikli\u011fi ile de\u011ferlendirmek gerek. Dolay\u0131s\u0131yla hem pazar\u0131n \u015fartlar\u0131 hem de pazar\u0131n kendisi de\u011fi\u015fiyor. Sadece karbon ayak izi de\u011fil, su ayak izi, kaynak kullan\u0131m\u0131, yenilenebilir enerji kullan\u0131m\u0131, at\u0131klar\u0131n minimize edilmesi, \u00fcr\u00fcn ya\u015fam d\u00f6ng\u00fcs\u00fc boyunca \u00e7evresel etkiler, paketleme, \u00e7al\u0131\u015fanlar\u0131n haklar\u0131\u2026 t\u00fcm bunlar\u0131n iyi y\u00f6netiliyor ve belgelendirilebilir olmas\u0131 kritik hale geliyor. Dolay\u0131s\u0131yla\u00a0<em><strong>Ye\u015fil Mutabakat\u2019a uyum, ka\u011f\u0131t \u00fczerinde bir karbon azaltman\u0131n \u00f6tesinde anlay\u0131\u015f de\u011fi\u015fikli\u011fi ve b\u00fct\u00fcnsel bak\u0131\u015f gerektiriyor.<\/strong><\/em><\/p><p class=\"font_8\">Ne yapmak gerek?\u00a0Ye\u015fil Mutabakat\u2019a uyum aksiyonlar\u0131n\u0131n KOB\u0130ler \u00f6l\u00e7e\u011finde bireyselden ziyade STK\u2019lar ve kamu eliyle koordine edilen toplu \u00e7\u00f6z\u00fcmler ve programlarla ilerlemesinde fayda olaca\u011f\u0131n\u0131 de\u011ferlendiriyoruz. Burada,<\/p><ul class=\"font_8\"><li><p class=\"font_8\">Karbon ayak izi ve etki \u00f6l\u00e7me \/ de\u011ferlendirme yakla\u015f\u0131m\u0131 kurgulama<\/p><\/li><li><p class=\"font_8\">Azaltma inisiyatifleri rehberi sunma<\/p><\/li><li><p class=\"font_8\">Ticari, hukuksal ve finansal durum de\u011ferlendirme ve fizibilite \u00e7al\u0131\u015fmalar\u0131 y\u00fcr\u00fctme<\/p><\/li><li><p class=\"font_8\">Finansman program\u0131 tasarlama<\/p><\/li><li><p class=\"font_8\">Etki izleme<\/p><\/li><\/ul><p class=\"font_8\">a\u00e7\u0131lar\u0131ndan verece\u011fi hizmetlerle ihracat\u00e7\u0131 birlikleri ba\u015fta olmak \u00fczere ilgili STKlar\u0131n (birlikler, dernekler vb) y\u00f6nlendirici rol oynamas\u0131 ile T\u00fcrk firmalar\u0131n\u0131n daha h\u0131zl\u0131 bir adaptasyon geli\u015ftirece\u011fini \u00f6ng\u00f6r\u00fcyoruz.<\/p><p><img loading=\"lazy\" class=\"alignnone size-full wp-image-5979\" src=\"http:\/\/peritaanalitik.com\/wp-content\/uploads\/2016\/01\/EU20C59EEkil.png\" alt=\"\" width=\"600\" height=\"384\" \/><\/p><p><span style=\"color: #999999;\"><strong>Kaynak<\/strong>: EU Green Deal (<a style=\"color: #999999;\" href=\"https:\/\/ec.europa.eu\/info\/sites\/info\/files\/european-green-deal-communication_en.pdf)\" target=\"_blank\" rel=\"noopener\" data-auto-recognition=\"true\">https:\/\/ec.europa.eu\/info\/sites\/info\/files\/european-green-deal-communication_en.pdf)<\/a><\/span><\/p><\/div><\/div><\/div>\t\t\t\t\t\t<\/div>\n\t\t\t\t<\/div>\n\t\t\t\t\t<\/div>\n\t\t<\/div>\n\t\t\t\t\t\t\t<\/div>\n\t\t<\/section>\n\t\t\t\t\t\t<\/div>\n\t\t\t\t\t<\/div>\n\t\t","protected":false},"excerpt":{"rendered":"<p>360 Derece \u201cYe\u015fil Mutabakat\u201d: T\u00fcrk Firmalar\u0131n\u0131n Hayat\u0131nda Neler De\u011fi\u015fecek? \u201cYe\u015fil Mutabakat\u201d\u0131 (Green Deal) her y\u00f6n\u00fcyle ele almay\u0131 planlad\u0131\u011f\u0131m\u0131z serimizin bu ilk yaz\u0131s\u0131nda en s\u0131k sorulan ve en can al\u0131c\u0131 soruya pratik bir yan\u0131t vermek istedik: Ye\u015fil Mutabakat ile T\u00fcrk Firmalar\u0131n\u0131n Hayat\u0131nda Neler De\u011fi\u015fecek? Aral\u0131k 2019\u2019da Avrupa Birli\u011fi derli toplu ve iddial\u0131 bir iklim de\u011fi\u015fikli\u011fi ile [&hellip;]<\/p>\n","protected":false},"author":1,"featured_media":0,"parent":0,"menu_order":0,"comment_status":"closed","ping_status":"closed","template":"","meta":[],"_links":{"self":[{"href":"https:\/\/peritaanalitik.com\/en\/wp-json\/wp\/v2\/pages\/7178"}],"collection":[{"href":"https:\/\/peritaanalitik.com\/en\/wp-json\/wp\/v2\/pages"}],"about":[{"href":"https:\/\/peritaanalitik.com\/en\/wp-json\/wp\/v2\/types\/page"}],"author":[{"embeddable":true,"href":"https:\/\/peritaanalitik.com\/en\/wp-json\/wp\/v2\/users\/1"}],"replies":[{"embeddable":true,"href":"https:\/\/peritaanalitik.com\/en\/wp-json\/wp\/v2\/comments?post=7178"}],"version-history":[{"count":1,"href":"https:\/\/peritaanalitik.com\/en\/wp-json\/wp\/v2\/pages\/7178\/revisions"}],"predecessor-version":[{"id":7184,"href":"https:\/\/peritaanalitik.com\/en\/wp-json\/wp\/v2\/pages\/7178\/revisions\/7184"}],"wp:attachment":[{"href":"https:\/\/peritaanalitik.com\/en\/wp-json\/wp\/v2\/media?parent=7178"}],"curies":[{"name":"wp","href":"https:\/\/api.w.org\/{rel}","templated":true}]}}