{"id":6780,"date":"2022-01-06T21:16:05","date_gmt":"2022-01-06T21:16:05","guid":{"rendered":"http:\/\/peritaanalitik.com\/gizlilik-politikasi\/"},"modified":"2022-01-06T21:22:37","modified_gmt":"2022-01-06T21:22:37","slug":"gizlilik-politikasi","status":"publish","type":"page","link":"https:\/\/peritaanalitik.com\/en\/gizlilik-politikasi\/","title":{"rendered":"Gizlilik Politikas\u0131"},"content":{"rendered":"\t\t<div data-elementor-type=\"wp-page\" data-elementor-id=\"6780\" class=\"elementor elementor-6780 elementor-6772\" data-elementor-settings=\"[]\">\n\t\t\t\t\t\t\t<div class=\"elementor-section-wrap\">\n\t\t\t\t\t\t\t<section class=\"elementor-section elementor-top-section elementor-element elementor-element-aba178a elementor-section-boxed elementor-section-height-default elementor-section-height-default\" data-id=\"aba178a\" data-element_type=\"section\">\n\t\t\t\t\t\t<div class=\"elementor-container elementor-column-gap-default\">\n\t\t\t\t\t<div class=\"elementor-column elementor-col-100 elementor-top-column elementor-element elementor-element-d3c61b6\" data-id=\"d3c61b6\" data-element_type=\"column\">\n\t\t\t<div class=\"elementor-widget-wrap elementor-element-populated\">\n\t\t\t\t\t\t\t\t<div class=\"elementor-element elementor-element-b7e8c6c elementor-widget elementor-widget-text-editor\" data-id=\"b7e8c6c\" data-element_type=\"widget\" data-widget_type=\"text-editor.default\">\n\t\t\t\t<div class=\"elementor-widget-container\">\n\t\t\t<style>\/*! elementor - v3.5.3 - 28-12-2021 *\/\n.elementor-widget-text-editor.elementor-drop-cap-view-stacked .elementor-drop-cap{background-color:#818a91;color:#fff}.elementor-widget-text-editor.elementor-drop-cap-view-framed .elementor-drop-cap{color:#818a91;border:3px solid;background-color:transparent}.elementor-widget-text-editor:not(.elementor-drop-cap-view-default) .elementor-drop-cap{margin-top:8px}.elementor-widget-text-editor:not(.elementor-drop-cap-view-default) .elementor-drop-cap-letter{width:1em;height:1em}.elementor-widget-text-editor .elementor-drop-cap{float:left;text-align:center;line-height:1;font-size:50px}.elementor-widget-text-editor .elementor-drop-cap-letter{display:inline-block}<\/style>\t\t\t\t<p><strong>G\u0130ZL\u0130L\u0130K POL\u0130T\u0130KASI<\/strong><br \/>Perita Analitik sizlerin ki\u015fisel gizlili\u011fini korumaya \u00f6zen g\u00f6stermektedir.<br \/>Bu gizlilik politikas\u0131 Perita Analitik taraf\u0131ndan bu web sitesinde toplanan bilgi t\u00fcrlerini ve bunlar\u0131n nas\u0131l korunup sakland\u0131\u011f\u0131n\u0131 ana hatlar\u0131yla a\u00e7\u0131klamaktad\u0131r.<br \/>Perita Analitik, ziyaret\u00e7i taraf\u0131ndan g\u00f6n\u00fcll\u00fc olarak verilmedi\u011fi s\u00fcrece hi\u00e7bir Perita Analitik web sitesi kullan\u0131c\u0131s\u0131 hakk\u0131nda ki\u015fisel bilgileri toplamamaktad\u0131r.<br \/>Bu gizlilik politikas\u0131 kapsam\u0131nda kural olarak ziyaret\u00e7ilerimiz taraf\u0131ndan sitemize sunulan ki\u015fisel veriler (ad\u0131n\u0131z, elektronik posta adresiniz, telefon numaralar\u0131n\u0131z) \u00fc\u00e7\u00fcnc\u00fc ki\u015filerle payla\u015f\u0131lmamakta, sat\u0131lmamakta, kiralanmamakta ve ba\u015fka \u015fekilde kulland\u0131r\u0131lmamaktad\u0131r.<\/p><p><strong>Ki\u015fisel Bilgilerin Toplanmas\u0131<\/strong><br \/>Perita Analitik web sitesini kullanmak, g\u00f6n\u00fcll\u00fc olarak ki\u015fisel bilgileri vermek bu sitede ilan edilen mevcut gizlilik politikas\u0131n\u0131n ve \u015fartlar\u0131n\u0131n kabul edildi\u011fi anlam\u0131 ta\u015f\u0131maktad\u0131r.<\/p><p><strong>Bilgi Toplaman\u0131n Amac\u0131 ve Kullan\u0131l\u0131\u015f \u015eekli<\/strong><br \/>Perita Analitik sizin izninizle bilgilerinizi a\u015fa\u011f\u0131daki ama\u00e7lar i\u00e7in kullanmaktad\u0131r;<br \/>\u2022 Sizi elektronik posta, SMS, MMS ve telefon ile bilgilendirmek, kampanyalardan haberdar etmek,<br \/>\u2022 Ziyaret\u00e7i profillerimizi belirlemek,<br \/>\u2022 \u0130stek, talep ve \u015fik\u00e2yetleri de\u011ferlendirmek<\/p><p>Ki\u015fisel bilgiler ve bu veriler sadece belirtilen ama\u00e7lar i\u00e7in ve yasal soru\u015fturmalar esnas\u0131nda mahkeme karar\u0131 gere\u011fi veya yasal prosed\u00fcrler gerektirdi\u011fi takdirde kullan\u0131lmaktad\u0131r.<\/p><p><strong>Ki\u015fisel Olmayan Di\u011fer Kullan\u0131c\u0131 Bilgilerinin Toplanmas\u0131<\/strong><br \/>Perita Analitik, ziyaret\u00e7ilerin web sitesindeki dola\u015f\u0131mlar\u0131 s\u0131ras\u0131nda, kullan\u0131c\u0131 yo\u011funlu\u011fu, ziyaret edilen b\u00f6l\u00fcmler, t\u0131klanan alanlar gibi \u00f6zellikleri otomatik ve isimsiz olarak toplamaktad\u0131r. Bu veriler sadece b\u00f6l\u00fcmlerin, farkl\u0131 alanlar\u0131n izlenme, takip edilme oranlar\u0131n\u0131n tespiti i\u00e7in kullan\u0131lmakta ve herhangi bir ziyaret\u00e7inin ki\u015fisel bilgileri ile ili\u015fkilendirilmemektedir. Sayfalar\u0131n nereden ge\u00e7erek ya da ne \u015fekilde ziyaret edildi\u011fini belirleyen \u201ccookie\u201d (\u00e7erez) adl\u0131 teknolojinin kullan\u0131ld\u0131\u011f\u0131 durumlarda ayn\u0131 \u015fekilde sitenin farkl\u0131 alanlar\u0131n\u0131n izlenme, t\u0131klanma oranlar\u0131n\u0131n belirlenmesinde istatistiki veri olarak toplanmakta olup ki\u015fiye \u00f6zel yap\u0131lan bir uygulama de\u011fildir. Bu teknoloji ile ama\u00e7lanan kullan\u0131c\u0131lar\u0131n daha s\u0131kl\u0131kla ziyaret ettikleri b\u00f6l\u00fcmlere ait i\u00e7eri\u011fi, siteye ilk ziyaretinden itibaren kullan\u0131c\u0131 i\u00e7in daha kolay ula\u015f\u0131labilir k\u0131lmakt\u0131r.<\/p><p><strong>Bilgi G\u00fcvenli\u011fi<\/strong><br \/>\u0130\u015f ortaklar\u0131m\u0131z ve m\u00fc\u015fterilerimizden edinilen bilgi ve evraklar\u0131 6698 Say\u0131l\u0131 Ki\u015fisel Verilerin Korunmas\u0131 Kanunu\u2019na uygun saklar\u0131z. 3.ki\u015fi ve kurumlar ile payla\u015fmay\u0131z.<\/p><p><strong>Site Kullan\u0131m \u015eartlar\u0131<\/strong><strong><br \/><\/strong>Perita Analitik web sitesini zaman zaman d\u00fczenledi\u011fi kampanyalar\u0131 duyurmak, ziyaret\u00e7ilerin ilgisini \u00e7ekebilece\u011fini d\u00fc\u015f\u00fcnd\u00fc\u011f\u00fc konular, i\u00e7erikler farkl\u0131 hizmet ve \u00e7al\u0131\u015fmalardan ziyaret\u00e7ileri haberdar etmek amac\u0131yla kullanmaktad\u0131r. Perita Analitik web sitesi i\u00e7eri\u011fini burada yay\u0131mlad\u0131\u011f\u0131 h\u00fck\u00fcm ve \u015fartlar\u0131 \u00f6nceden haber vermek zorunda olmaks\u0131z\u0131n tek tarafl\u0131 olarak de\u011fi\u015ftirme ve g\u00fcncelleme hakk\u0131na sahiptir.<\/p><p><strong>Politikam\u0131zdaki De\u011fi\u015fiklikler<\/strong><br \/>Perita Analitik\u2019in, bu Gizlilik Politikas\u0131n\u0131 de\u011fi\u015ftirme veya iptal etme hakk\u0131 sakl\u0131d\u0131r.<\/p><p><strong>Bize Ula\u015f\u0131n<\/strong><br \/>Bu Gizlilik Politikas\u0131 ile ilgili herhangi bir g\u00f6r\u00fc\u015f bildirmek, soru y\u00f6neltmek veya Gizlilik Politikas\u0131n\u0131n ihlali ile ilgili haber vermek isterseniz, Bize Ula\u015f\u0131n linkinden faydalanabilirsiniz. Perita Analitik bu talepleri kar\u015f\u0131lamak \u00fczere gerekli ad\u0131mlar\u0131 atacakt\u0131r.<br \/>Perita Analitik web sitesini ziyaret eden her bir ziyaret\u00e7i b\u00fct\u00fcn bu \u015fartlar\u0131 okumu\u015f ve kabul etmi\u015f say\u0131l\u0131r.<\/p>\t\t\t\t\t\t<\/div>\n\t\t\t\t<\/div>\n\t\t\t\t\t<\/div>\n\t\t<\/div>\n\t\t\t\t\t\t\t<\/div>\n\t\t<\/section>\n\t\t\t\t\t\t<\/div>\n\t\t\t\t\t<\/div>\n\t\t","protected":false},"excerpt":{"rendered":"<p>G\u0130ZL\u0130L\u0130K POL\u0130T\u0130KASI Perita Analitik sizlerin ki\u015fisel gizlili\u011fini korumaya \u00f6zen g\u00f6stermektedir. Bu gizlilik politikas\u0131 Perita Analitik taraf\u0131ndan bu web sitesinde toplanan bilgi t\u00fcrlerini ve bunlar\u0131n nas\u0131l korunup sakland\u0131\u011f\u0131n\u0131 ana hatlar\u0131yla a\u00e7\u0131klamaktad\u0131r. Perita Analitik, ziyaret\u00e7i taraf\u0131ndan g\u00f6n\u00fcll\u00fc olarak verilmedi\u011fi s\u00fcrece hi\u00e7bir Perita Analitik web sitesi kullan\u0131c\u0131s\u0131 hakk\u0131nda ki\u015fisel bilgileri toplamamaktad\u0131r. Bu gizlilik politikas\u0131 kapsam\u0131nda kural olarak ziyaret\u00e7ilerimiz [&hellip;]<\/p>\n","protected":false},"author":1,"featured_media":0,"parent":0,"menu_order":0,"comment_status":"closed","ping_status":"closed","template":"","meta":[],"_links":{"self":[{"href":"https:\/\/peritaanalitik.com\/en\/wp-json\/wp\/v2\/pages\/6780"}],"collection":[{"href":"https:\/\/peritaanalitik.com\/en\/wp-json\/wp\/v2\/pages"}],"about":[{"href":"https:\/\/peritaanalitik.com\/en\/wp-json\/wp\/v2\/types\/page"}],"author":[{"embeddable":true,"href":"https:\/\/peritaanalitik.com\/en\/wp-json\/wp\/v2\/users\/1"}],"replies":[{"embeddable":true,"href":"https:\/\/peritaanalitik.com\/en\/wp-json\/wp\/v2\/comments?post=6780"}],"version-history":[{"count":1,"href":"https:\/\/peritaanalitik.com\/en\/wp-json\/wp\/v2\/pages\/6780\/revisions"}],"predecessor-version":[{"id":6783,"href":"https:\/\/peritaanalitik.com\/en\/wp-json\/wp\/v2\/pages\/6780\/revisions\/6783"}],"wp:attachment":[{"href":"https:\/\/peritaanalitik.com\/en\/wp-json\/wp\/v2\/media?parent=6780"}],"curies":[{"name":"wp","href":"https:\/\/api.w.org\/{rel}","templated":true}]}}