{"id":6779,"date":"2022-01-06T20:58:37","date_gmt":"2022-01-06T20:58:37","guid":{"rendered":"http:\/\/peritaanalitik.com\/kvkk-metni\/"},"modified":"2022-01-06T21:22:30","modified_gmt":"2022-01-06T21:22:30","slug":"kvkk-metni","status":"publish","type":"page","link":"https:\/\/peritaanalitik.com\/en\/kvkk-metni\/","title":{"rendered":"KVKK Metni"},"content":{"rendered":"\t\t<div data-elementor-type=\"wp-page\" data-elementor-id=\"6779\" class=\"elementor elementor-6779 elementor-6766\" data-elementor-settings=\"[]\">\n\t\t\t\t\t\t\t<div class=\"elementor-section-wrap\">\n\t\t\t\t\t\t\t<section class=\"elementor-section elementor-top-section elementor-element elementor-element-ee0a513 elementor-section-boxed elementor-section-height-default elementor-section-height-default\" data-id=\"ee0a513\" data-element_type=\"section\">\n\t\t\t\t\t\t<div class=\"elementor-container elementor-column-gap-default\">\n\t\t\t\t\t<div class=\"elementor-column elementor-col-100 elementor-top-column elementor-element elementor-element-61f3eb5\" data-id=\"61f3eb5\" data-element_type=\"column\">\n\t\t\t<div class=\"elementor-widget-wrap elementor-element-populated\">\n\t\t\t\t\t\t\t\t<div class=\"elementor-element elementor-element-50ca9ce elementor-widget elementor-widget-gva-heading-block\" data-id=\"50ca9ce\" data-element_type=\"widget\" data-widget_type=\"gva-heading-block.default\">\n\t\t\t\t<div class=\"elementor-widget-container\">\n\t\t\t<div class=\"gva-element-gva-heading-block gva-element\">   <div class=\"align-center style-1 widget gsc-heading\">\r\n      <div class=\"content-inner\">\r\n         \r\n                     <div class=\"heading-icon\"><img src=\"https:\/\/peritaanalitik.com\/wp-content\/plugins\/vizeon-themer\/elementor\/assets\/images\/icon-heading.png\" alt=\"Ki\u015fisel Verilerinize \u0130li\u015fkin Ayd\u0131nlatma Belgesi\n\"\/><\/div>\r\n                  \r\n           \r\n         \r\n                     <h2 class=\"title\">\r\n               <span>Ki\u015fisel Verilerinize \u0130li\u015fkin Ayd\u0131nlatma Belgesi\n<\/span>\r\n            <\/h2>\r\n                  \r\n         \r\n      <\/div>\r\n   <\/div>\r\n   <div class=\"clearfix\"><\/div>\r\n<\/div>\t\t<\/div>\n\t\t\t\t<\/div>\n\t\t\t\t<div class=\"elementor-element elementor-element-7ef58b6 elementor-widget elementor-widget-text-editor\" data-id=\"7ef58b6\" data-element_type=\"widget\" data-widget_type=\"text-editor.default\">\n\t\t\t\t<div class=\"elementor-widget-container\">\n\t\t\t<style>\/*! elementor - v3.5.3 - 28-12-2021 *\/\n.elementor-widget-text-editor.elementor-drop-cap-view-stacked .elementor-drop-cap{background-color:#818a91;color:#fff}.elementor-widget-text-editor.elementor-drop-cap-view-framed .elementor-drop-cap{color:#818a91;border:3px solid;background-color:transparent}.elementor-widget-text-editor:not(.elementor-drop-cap-view-default) .elementor-drop-cap{margin-top:8px}.elementor-widget-text-editor:not(.elementor-drop-cap-view-default) .elementor-drop-cap-letter{width:1em;height:1em}.elementor-widget-text-editor .elementor-drop-cap{float:left;text-align:center;line-height:1;font-size:50px}.elementor-widget-text-editor .elementor-drop-cap-letter{display:inline-block}<\/style>\t\t\t\t<p>07.04.2016 tarihinden Resmi Gazete\u2019de yay\u0131nlanan 6698 say\u0131l\u0131 Ki\u015fisel Verilerin Korunmas\u0131 Kanunu ile birlikte, Perita Analitik olarak, Veri Sorumlusu s\u0131fat\u0131yla, taraf\u0131m\u0131za herhangi bir \u015fekilde iletilen ki\u015fisel bilgilerinizin, a\u015fa\u011f\u0131da a\u00e7\u0131klanaca\u011f\u0131 \u00e7er\u00e7evede kaydedilece\u011fi, saklanaca\u011f\u0131, g\u00fcncellenece\u011fi, mevzuat\u0131n izin verdi\u011fi ve\/veya zorunlu k\u0131ld\u0131\u011f\u0131 durumlarda 3. ki\u015filere a\u00e7\u0131klanabilece\u011fi \/ devredilebilece\u011fi, s\u0131n\u0131fland\u0131r\u0131labilece\u011fi ve KVKK\u2019da say\u0131lan \u015fekillerde i\u015flenebilece\u011fini taraf\u0131n\u0131za bildirme y\u00fck\u00fcml\u00fcl\u00fc\u011f\u00fcm\u00fcz do\u011fmu\u015ftur.<\/p><p>Bu ki\u015fisel veriler, Kullan\u0131c\u0131 taraf\u0131ndan fiziki ya da sanal ortamda her t\u00fcrl\u00fc y\u00f6ntemle do\u011frudan verilen;<\/p><p>Ad ve soyad\u0131,<br \/>Telefon numaras\u0131( ev ve i\u015f), adres, e-posta adresleri, faks gibi ileti\u015fim bilgileri,<br \/>Cinsiyeti<br \/>Do\u011fum tarihi<br \/>E\u011fitim d\u00fczeyi<br \/>\u0130li\u015fki durumu\/medeni durumu<br \/>\u0130lgi alanlar\u0131\/ memnuniyetleri, \u015fikayetleri<br \/>Sosyal medya tercihleri<br \/>Be\u011feni ve tercihleri<br \/>\u00d6deme bilgileri<br \/>E\u011fitim ve i\u015f tecr\u00fcbesi ge\u00e7mi\u015fi\/\u00f6zge\u00e7mi\u015f bilgileri\/kariyer hedefleri<br \/>\u0130\u015f unvan\u0131\/mesle\u011fi\/\u00e7al\u0131\u015ft\u0131\u011f\u0131 yer<br \/>Yasal d\u00fczenlemelerin olanak tan\u0131d\u0131\u011f\u0131 kapsamda genel toplant\u0131 ve etkinlik g\u00f6rsellerini olu\u015fturan foto\u011fraflar,<br \/>gibi konular\u0131 i\u00e7eren ki\u015fisel verilerdir.<\/p><p><strong>Ki\u015fisel Verilerinizin \u0130\u015flenme Amac\u0131<\/strong><\/p><p><strong>Ki\u015fisel verileriniz;<\/strong><\/p><p>Hukuka ve d\u00fcr\u00fcstl\u00fck kural\u0131n\u0131n \u00f6ng\u00f6rd\u00fc\u011f\u00fc bi\u00e7imde,<br \/>\u0130\u015flenme ama\u00e7lar\u0131 ile ba\u011flant\u0131l\u0131, s\u0131n\u0131rl\u0131 ve \u00f6l\u00e7\u00fcl\u00fc olarak,<br \/>Do\u011fru ve g\u00fcncel olarak,<br \/>Belirli a\u00e7\u0131k ve me\u015fru ama\u00e7lar ile<br \/>i\u015flenecektir.<\/p><p>Veri sorumlusu olarak \u015eirketimiz taraf\u0131ndan a\u00e7\u0131k r\u0131zan\u0131z ile verdi\u011finiz ki\u015fisel verileriniz sizleri \u00fcr\u00fcn ve hizmetlerimiz hakk\u0131nda bilgilendirebilmek, \u00fcr\u00fcn ve hizmetlerimiz hakk\u0131nda memnuniyetinizi \u00f6l\u00e7mek, istekleriniz ve ihtiya\u00e7lar\u0131n\u0131z do\u011frultusunda \u00fcr\u00fcn ve hizmetlerimizi geli\u015ftirmek ve \u00e7e\u015fitlendirmek i\u00e7in ve bunlarla birlikte gerekli kalite ve standart denetimlerimizi yapabilmek ya da mevzuat taraf\u0131ndan \u00f6ng\u00f6r\u00fclen raporlama ve sair y\u00fck\u00fcml\u00fcl\u00fcklerimizin yerine getirilmesi gibi ama\u00e7lar i\u00e7in i\u015flenebilecektir.<\/p><p><strong>Ki\u015fisel Verilerinizin Aktar\u0131lmas\u0131<\/strong><\/p><p>Ki\u015fisel verileriniz yukar\u0131da say\u0131lan ama\u00e7lar dahilinde, 6698 say\u0131l\u0131 Ki\u015fisel Verilerin Korunmas\u0131 Kanunu \u201cKVKK\u201d ve y\u00fcr\u00fcrl\u00fckte olan ilgili mevzuata uygun olarak, say\u0131lanlar ile s\u0131n\u0131rl\u0131 olmamak \u00fczere; i\u015f ortaklar\u0131m\u0131z, i\u015f ba\u011flant\u0131lar\u0131m\u0131z ve alt y\u00fcklenicilerimiz ile sundu\u011fumuz hizmetin amac\u0131 do\u011frultusunda ya da d\u00fczenleyici denetleyici kurumlar ve resmi mercilerle ilgili mevzuat\u0131n \u00f6ng\u00f6rd\u00fc\u011f\u00fc durumlarda, yurt i\u00e7ine veya yurt d\u0131\u015f\u0131na aktar\u0131labilecektir.<\/p><p><strong>Ki\u015fisel Verilerinizin Toplanma Y\u00f6ntemi ve Hukuki Sebebi<\/strong><\/p><p>Ki\u015fisel verileriniz, yukar\u0131da belirtilen ama\u00e7 ve kapsamda s\u00f6zl\u00fc, yaz\u0131l\u0131 veya elektronik olarak toplanabilir.<\/p><p>Ki\u015fisel verileriniz, \u015eirketimiz veya \u015eirketimiz ad\u0131na veri i\u015fleyen ger\u00e7ek ya da t\u00fczel ki\u015filer taraf\u0131ndan say\u0131lanlarla s\u0131n\u0131rl\u0131 olmamak \u00fczere, elektronik ortamda a\u00e7\u0131k r\u0131zan\u0131z ile doldurdu\u011funuz \u00fcyelik formu veya sadakat program\u0131 kapsam\u0131na a\u00e7\u0131k r\u0131zan\u0131z ile \u00fcyeli\u011finiz s\u0131ras\u0131nda doldurulan \u00fcyelik formu ya da internet sitelerimize \u00fcyelik veya giri\u015f s\u0131ras\u0131nda \u00fcye giri\u015fi yapman\u0131z\u0131 sa\u011flayan sosyal a\u011flar, internet sitelerimiz veya \u00fc\u00e7\u00fcnc\u00fc ki\u015filere ait internet sitelerinde yer alan bizimle ileti\u015fime ge\u00e7mek \u00fczere doldurdu\u011funuz ileti\u015fim formlar\u0131, \u00e7evrim i\u00e7i al\u0131\u015fveri\u015f uygulamalar\u0131, elektronik kitap uygulamalar\u0131, \u015eirketimiz ile imzalam\u0131\u015f oldu\u011funuz muhtelif s\u00f6zle\u015fmeler ile \u015eirketimize g\u00f6ndermi\u015f oldu\u011funuz elektronik postalar, faks ve mektuplar gibi ara\u00e7lar \u00fczerinden, \u015eirketimiz ile yap\u0131lan yaz\u0131l\u0131 veya s\u00f6zl\u00fc ileti\u015fimler vb. kanallar arac\u0131l\u0131\u011f\u0131yla s\u00f6zl\u00fc, yaz\u0131l\u0131 veya elektronik ortamda toplanmaktad\u0131r.<\/p><p><strong>Ki\u015fisel Veri Sahibi Olarak Haklar\u0131n\u0131z<\/strong><\/p><p>KVKK ve y\u00fcr\u00fcrl\u00fckte bulunan di\u011fer mevzuat \u00e7er\u00e7evesinde kalmak kayd\u0131yla,<\/p><p>Ki\u015fisel verilerinizin i\u015flenip i\u015flenmedi\u011fini \u00f6\u011frenme,<br \/>Ki\u015fisel verileriniz i\u015flenmi\u015fse buna ili\u015fkin bilgi talep etme,<br \/>Ki\u015fisel verilerin i\u015flenme amac\u0131n\u0131 ve bunlar\u0131n amac\u0131na uygun kullan\u0131l\u0131p kullan\u0131lmad\u0131\u011f\u0131n\u0131 \u00f6\u011frenme,<br \/>Yurt i\u00e7inde veya yurt d\u0131\u015f\u0131nda ki\u015fisel verilerinizin aktar\u0131ld\u0131\u011f\u0131 \u00fc\u00e7\u00fcnc\u00fc ki\u015fileri bilme,<br \/>Ki\u015fisel verilerinizin eksik veya yanl\u0131\u015f i\u015flenmi\u015f olmas\u0131 halinde bunlar\u0131n d\u00fczeltilmesini isteme,<br \/>KVKK mevzuat\u0131nda \u00f6ng\u00f6r\u00fclen \u015fartlar \u00e7er\u00e7evesinde ki\u015fisel verilerinizin silinmesini veya yok edilmesini isteme,<br \/>Eksik veya yanl\u0131\u015f verilerin d\u00fczeltilmesi ile ki\u015fisel verilerinizin silinmesi veya yok edilmesini talep etti\u011finizde, bu durumun ki\u015fisel verilerinizin aktar\u0131ld\u0131\u011f\u0131 \u00fc\u00e7\u00fcnc\u00fc ki\u015filere bildirilmesini isteme,<br \/>\u0130\u015flenen verilerin m\u00fcnhas\u0131ran otomatik sistemler vas\u0131tas\u0131yla analiz edilmesi suretiyle aleyhinize bir sonucun ortaya \u00e7\u0131kmas\u0131na itiraz etme,<br \/>Ki\u015fisel verilerin kanuna ayk\u0131r\u0131 olarak i\u015flenmesi sebebiyle zarara u\u011framan\u0131z halinde bu zarar\u0131n giderilmesini talep etme,<br \/>haklar\u0131na sahipsiniz. Bu haklar\u0131n\u0131z\u0131 kullanmak ile ilgili talebinizi yaz\u0131l\u0131 olarak veya Ki\u015fisel Verileri Koruma Kurulu taraf\u0131ndan ayr\u0131 bir y\u00f6ntem belirlenmesi halinde, bu y\u00f6nteme uygun olarak bize iletebilirsiniz.<\/p><p>Ki\u015fisel veri sahibi olarak sahip oldu\u011funuz ve yukar\u0131da belirtilen haklar\u0131n\u0131z\u0131 kullanmak i\u00e7in yapaca\u011f\u0131n\u0131z ve kullanmay\u0131 talep etti\u011finiz hakka ili\u015fkin a\u00e7\u0131klamalar\u0131n\u0131z\u0131 i\u00e7eren ba\u015fvuruda; talep etti\u011finiz hususun a\u00e7\u0131k ve anla\u015f\u0131l\u0131r olmas\u0131, talep etti\u011finiz konunun \u015fahs\u0131n\u0131z ile ilgili olmas\u0131 veya ba\u015fkas\u0131 ad\u0131na hareket ediyor iseniz bu konuda \u00f6zel olarak yetkili olman\u0131z ve yetkinizin belgelendirilmesi, ba\u015fvurunun kimlik ve adres bilgilerini i\u00e7ermesi ve ba\u015fvuruya kimli\u011finizi tevsik edici belgelerin eklenmesi gerekmektedir.<\/p>\t\t\t\t\t\t<\/div>\n\t\t\t\t<\/div>\n\t\t\t\t\t<\/div>\n\t\t<\/div>\n\t\t\t\t\t\t\t<\/div>\n\t\t<\/section>\n\t\t\t\t\t\t<\/div>\n\t\t\t\t\t<\/div>\n\t\t","protected":false},"excerpt":{"rendered":"<p>Ki\u015fisel Verilerinize \u0130li\u015fkin Ayd\u0131nlatma Belgesi 07.04.2016 tarihinden Resmi Gazete\u2019de yay\u0131nlanan 6698 say\u0131l\u0131 Ki\u015fisel Verilerin Korunmas\u0131 Kanunu ile birlikte, Perita Analitik olarak, Veri Sorumlusu s\u0131fat\u0131yla, taraf\u0131m\u0131za herhangi bir \u015fekilde iletilen ki\u015fisel bilgilerinizin, a\u015fa\u011f\u0131da a\u00e7\u0131klanaca\u011f\u0131 \u00e7er\u00e7evede kaydedilece\u011fi, saklanaca\u011f\u0131, g\u00fcncellenece\u011fi, mevzuat\u0131n izin verdi\u011fi ve\/veya zorunlu k\u0131ld\u0131\u011f\u0131 durumlarda 3. ki\u015filere a\u00e7\u0131klanabilece\u011fi \/ devredilebilece\u011fi, s\u0131n\u0131fland\u0131r\u0131labilece\u011fi ve KVKK\u2019da say\u0131lan \u015fekillerde i\u015flenebilece\u011fini [&hellip;]<\/p>\n","protected":false},"author":1,"featured_media":0,"parent":0,"menu_order":0,"comment_status":"closed","ping_status":"closed","template":"","meta":[],"_links":{"self":[{"href":"https:\/\/peritaanalitik.com\/en\/wp-json\/wp\/v2\/pages\/6779"}],"collection":[{"href":"https:\/\/peritaanalitik.com\/en\/wp-json\/wp\/v2\/pages"}],"about":[{"href":"https:\/\/peritaanalitik.com\/en\/wp-json\/wp\/v2\/types\/page"}],"author":[{"embeddable":true,"href":"https:\/\/peritaanalitik.com\/en\/wp-json\/wp\/v2\/users\/1"}],"replies":[{"embeddable":true,"href":"https:\/\/peritaanalitik.com\/en\/wp-json\/wp\/v2\/comments?post=6779"}],"version-history":[{"count":1,"href":"https:\/\/peritaanalitik.com\/en\/wp-json\/wp\/v2\/pages\/6779\/revisions"}],"predecessor-version":[{"id":6782,"href":"https:\/\/peritaanalitik.com\/en\/wp-json\/wp\/v2\/pages\/6779\/revisions\/6782"}],"wp:attachment":[{"href":"https:\/\/peritaanalitik.com\/en\/wp-json\/wp\/v2\/media?parent=6779"}],"curies":[{"name":"wp","href":"https:\/\/api.w.org\/{rel}","templated":true}]}}