{"id":6700,"date":"2016-03-07T03:10:46","date_gmt":"2016-03-07T03:10:46","guid":{"rendered":"http:\/\/peritaanalitik.com\/iletisim\/"},"modified":"2022-01-10T07:07:21","modified_gmt":"2022-01-10T07:07:21","slug":"contact-us","status":"publish","type":"page","link":"https:\/\/peritaanalitik.com\/en\/contact-us\/","title":{"rendered":"Contact Us"},"content":{"rendered":"\t\t<div data-elementor-type=\"wp-post\" data-elementor-id=\"6700\" class=\"elementor elementor-6700 elementor-610\" data-elementor-settings=\"[]\">\n\t\t\t\t\t\t\t<div class=\"elementor-section-wrap\">\n\t\t\t\t\t\t\t<section class=\"elementor-section elementor-top-section elementor-element elementor-element-d7ffb7c elementor-section-boxed elementor-section-height-default elementor-section-height-default\" data-id=\"d7ffb7c\" data-element_type=\"section\">\n\t\t\t\t\t\t<div class=\"elementor-container elementor-column-gap-default\">\n\t\t\t\t\t<div class=\"elementor-column elementor-col-50 elementor-top-column elementor-element elementor-element-4fef044\" data-id=\"4fef044\" data-element_type=\"column\">\n\t\t\t<div class=\"elementor-widget-wrap elementor-element-populated\">\n\t\t\t\t\t\t\t\t<div class=\"elementor-element elementor-element-3821df2 elementor-widget elementor-widget-gva-heading-block\" data-id=\"3821df2\" data-element_type=\"widget\" data-widget_type=\"gva-heading-block.default\">\n\t\t\t\t<div class=\"elementor-widget-container\">\n\t\t\t<div class=\"gva-element-gva-heading-block gva-element\">   <div class=\"align-left style-1 widget gsc-heading\">\r\n      <div class=\"content-inner\">\r\n         \r\n                     <div class=\"heading-icon\"><img src=\"https:\/\/peritaanalitik.com\/wp-content\/plugins\/vizeon-themer\/elementor\/assets\/images\/icon-heading.png\" alt=\"Please contact us\"\/><\/div>\r\n                  \r\n           \r\n         \r\n                     <h2 class=\"title\">\r\n               <span>Please contact us<\/span>\r\n            <\/h2>\r\n                  \r\n         \r\n      <\/div>\r\n   <\/div>\r\n   <div class=\"clearfix\"><\/div>\r\n<\/div>\t\t<\/div>\n\t\t\t\t<\/div>\n\t\t\t\t\t<\/div>\n\t\t<\/div>\n\t\t\t\t<div class=\"elementor-column elementor-col-50 elementor-top-column elementor-element elementor-element-7a39a2b\" data-id=\"7a39a2b\" data-element_type=\"column\">\n\t\t\t<div class=\"elementor-widget-wrap elementor-element-populated\">\n\t\t\t\t\t\t\t\t<div class=\"elementor-element elementor-element-e999300 elementor-widget elementor-widget-shortcode\" data-id=\"e999300\" data-element_type=\"widget\" data-widget_type=\"shortcode.default\">\n\t\t\t\t<div class=\"elementor-widget-container\">\n\t\t\t\t\t<div class=\"elementor-shortcode\"><div role=\"form\" class=\"wpcf7\" id=\"wpcf7-f6762-o1\" lang=\"en-US\" dir=\"ltr\">\n<div class=\"screen-reader-response\"><p role=\"status\" aria-live=\"polite\" aria-atomic=\"true\"><\/p> <ul><\/ul><\/div>\n<form action=\"\/en\/wp-json\/wp\/v2\/pages\/6700#wpcf7-f6762-o1\" method=\"post\" class=\"wpcf7-form init\" novalidate=\"novalidate\" data-status=\"init\">\n<div style=\"display: none;\">\n<input type=\"hidden\" name=\"_wpcf7\" value=\"6762\" \/>\n<input type=\"hidden\" name=\"_wpcf7_version\" value=\"5.5.3\" \/>\n<input type=\"hidden\" name=\"_wpcf7_locale\" value=\"en_US\" \/>\n<input type=\"hidden\" name=\"_wpcf7_unit_tag\" value=\"wpcf7-f6762-o1\" \/>\n<input type=\"hidden\" name=\"_wpcf7_container_post\" value=\"0\" \/>\n<input type=\"hidden\" name=\"_wpcf7_posted_data_hash\" value=\"\" \/>\n<\/div>\n<div class=\"row\">\n<div class=\"col-sm-6 col-xs-12\"><span class=\"wpcf7-form-control-wrap your-name\"><input type=\"text\" name=\"your-name\" value=\"\" size=\"40\" class=\"wpcf7-form-control wpcf7-text wpcf7-validates-as-required\" aria-required=\"true\" aria-invalid=\"false\" placeholder=\"Name*\" \/><\/span> <\/div>\n<div class=\"col-sm-6 col-xs-12\"><span class=\"wpcf7-form-control-wrap your-email\"><input type=\"email\" name=\"your-email\" value=\"\" size=\"40\" class=\"wpcf7-form-control wpcf7-text wpcf7-email wpcf7-validates-as-required wpcf7-validates-as-email\" aria-required=\"true\" aria-invalid=\"false\" placeholder=\"E-mail *\" \/><\/span> <\/div>\n<\/div>\n<div class=\"row\">\n<div class=\"col-sm-12 col-xs-12\"><span class=\"wpcf7-form-control-wrap your-subject\"><input type=\"text\" name=\"your-subject\" value=\"\" size=\"40\" class=\"wpcf7-form-control wpcf7-text\" aria-invalid=\"false\" placeholder=\"Subject\" \/><\/span> <\/div>\n<\/div>\n<div class=\"row\">\n<div class=\"col-sm-12 col-xs-12\"><span class=\"wpcf7-form-control-wrap rows4\"><textarea name=\"rows:4\" cols=\"40\" rows=\"10\" class=\"wpcf7-form-control wpcf7-textarea\" aria-invalid=\"false\" placeholder=\"Message\"><\/textarea><\/span> <\/div>\n<div class=\"col-sm-12 col-xs-12 action text-left\"><input type=\"submit\" value=\"Send\" class=\"wpcf7-form-control has-spinner wpcf7-submit\" \/><\/div>\n<\/div>\n<div class=\"wpcf7-response-output\" aria-hidden=\"true\"><\/div><\/form><\/div><\/div>\n\t\t\t\t<\/div>\n\t\t\t\t<\/div>\n\t\t\t\t\t<\/div>\n\t\t<\/div>\n\t\t\t\t\t\t\t<\/div>\n\t\t<\/section>\n\t\t\t\t<section class=\"elementor-section elementor-top-section elementor-element elementor-element-8892d6e elementor-section-boxed elementor-section-height-default elementor-section-height-default\" data-id=\"8892d6e\" data-element_type=\"section\">\n\t\t\t\t\t\t<div class=\"elementor-container elementor-column-gap-default\">\n\t\t\t\t\t<div class=\"elementor-column elementor-col-33 elementor-top-column elementor-element elementor-element-7199cc1\" data-id=\"7199cc1\" data-element_type=\"column\">\n\t\t\t<div class=\"elementor-widget-wrap elementor-element-populated\">\n\t\t\t\t\t\t\t\t<div class=\"elementor-element elementor-element-4d28716 elementor-widget elementor-widget-gva-icon-box-styles\" data-id=\"4d28716\" data-element_type=\"widget\" data-widget_type=\"gva-icon-box-styles.default\">\n\t\t\t\t<div class=\"elementor-widget-container\">\n\t\t\t<div class=\"gva-element-gva-icon-box-styles gva-element\">\r\n   \r\n   \r\n         <div class=\"widget gsc-icon-box-styles style-3\">\r\n         <div class=\"block-content\">\r\n            <div class=\"content-inner\">\r\n               \r\n                                 <h3 class=\"title\">\r\n                     <a href=\"#\">Ankara \/ Turkey<\/a>                  <\/h3>\r\n               \r\n                                 <div class=\"desc\">Gazi \u00dcnv. Teknopark Binas\u0131 G\u00f6lba\u015f\u0131 Yerle\u015fkesi Bah\u00e7elievler mah. C Blok No:10\/50-133 <br>G\u00f6lba\u015f\u0131 \/ Ankara \/ Turkey<\/div>\r\n               \r\n            <\/div>\r\n         <\/div>   \r\n      <\/div> \r\n      \r\n\r\n\r\n<\/div>\t\t<\/div>\n\t\t\t\t<\/div>\n\t\t\t\t\t<\/div>\n\t\t<\/div>\n\t\t\t\t<div class=\"elementor-column elementor-col-33 elementor-top-column elementor-element elementor-element-d567be4\" data-id=\"d567be4\" data-element_type=\"column\">\n\t\t\t<div class=\"elementor-widget-wrap elementor-element-populated\">\n\t\t\t\t\t\t\t\t<div class=\"elementor-element elementor-element-c631c5f elementor-widget elementor-widget-gva-icon-box-styles\" data-id=\"c631c5f\" data-element_type=\"widget\" data-widget_type=\"gva-icon-box-styles.default\">\n\t\t\t\t<div class=\"elementor-widget-container\">\n\t\t\t<div class=\"gva-element-gva-icon-box-styles gva-element\">\r\n   \r\n   \r\n         <div class=\"widget gsc-icon-box-styles style-3\">\r\n         <div class=\"block-content\">\r\n            <div class=\"content-inner\">\r\n               \r\n                                 <h3 class=\"title\">\r\n                     <a href=\"#\">Doha \/ Qatar <\/a>                  <\/h3>\r\n               \r\n                                 <div class=\"desc\">Perita Analytics QFZ LLC Building Um AlHoul Offices, Office A 28, Free Zone Doha, Qatar<\/div>\r\n               \r\n            <\/div>\r\n         <\/div>   \r\n      <\/div> \r\n      \r\n\r\n\r\n<\/div>\t\t<\/div>\n\t\t\t\t<\/div>\n\t\t\t\t\t<\/div>\n\t\t<\/div>\n\t\t\t\t<div class=\"elementor-column elementor-col-33 elementor-top-column elementor-element elementor-element-28589d1\" data-id=\"28589d1\" data-element_type=\"column\">\n\t\t\t<div class=\"elementor-widget-wrap elementor-element-populated\">\n\t\t\t\t\t\t\t\t<div class=\"elementor-element elementor-element-0313f3b elementor-widget elementor-widget-gva-icon-box-styles\" data-id=\"0313f3b\" data-element_type=\"widget\" data-widget_type=\"gva-icon-box-styles.default\">\n\t\t\t\t<div class=\"elementor-widget-container\">\n\t\t\t<div class=\"gva-element-gva-icon-box-styles gva-element\">\r\n   \r\n   \r\n         <div class=\"widget gsc-icon-box-styles style-3\">\r\n         <div class=\"block-content\">\r\n            <div class=\"content-inner\">\r\n               \r\n                                 <h3 class=\"title\">\r\n                     <a href=\"#\">Contact Us<\/a>                  <\/h3>\r\n               \r\n                                 <div class=\"desc\"><a href=\"mailto:info@peritaanalitik.com\" style=\"color: #ffffff\">info@peritaanalitik.com\n<\/a>\n<a href=\"mailto:info@peritaanalytics.com\" style=\"color: white\">info@peritaanalytics.com <\/a><\/div>\r\n               \r\n            <\/div>\r\n         <\/div>   \r\n      <\/div> \r\n      \r\n\r\n\r\n<\/div>\t\t<\/div>\n\t\t\t\t<\/div>\n\t\t\t\t\t<\/div>\n\t\t<\/div>\n\t\t\t\t\t\t\t<\/div>\n\t\t<\/section>\n\t\t\t\t\t\t<\/div>\n\t\t\t\t\t<\/div>\n\t\t","protected":false},"excerpt":{"rendered":"<p>Please contact us Ankara \/ Turkey Gazi \u00dcnv. Teknopark Binas\u0131 G\u00f6lba\u015f\u0131 Yerle\u015fkesi Bah\u00e7elievler mah. C Blok No:10\/50-133 G\u00f6lba\u015f\u0131 \/ Ankara \/ Turkey Doha \/ Qatar Perita Analytics QFZ LLC Building Um AlHoul Offices, Office A 28, Free Zone Doha, Qatar Contact Us info@peritaanalitik.com info@peritaanalytics.com<\/p>\n","protected":false},"author":1,"featured_media":0,"parent":0,"menu_order":0,"comment_status":"closed","ping_status":"closed","template":"","meta":[],"_links":{"self":[{"href":"https:\/\/peritaanalitik.com\/en\/wp-json\/wp\/v2\/pages\/6700"}],"collection":[{"href":"https:\/\/peritaanalitik.com\/en\/wp-json\/wp\/v2\/pages"}],"about":[{"href":"https:\/\/peritaanalitik.com\/en\/wp-json\/wp\/v2\/types\/page"}],"author":[{"embeddable":true,"href":"https:\/\/peritaanalitik.com\/en\/wp-json\/wp\/v2\/users\/1"}],"replies":[{"embeddable":true,"href":"https:\/\/peritaanalitik.com\/en\/wp-json\/wp\/v2\/comments?post=6700"}],"version-history":[{"count":24,"href":"https:\/\/peritaanalitik.com\/en\/wp-json\/wp\/v2\/pages\/6700\/revisions"}],"predecessor-version":[{"id":7292,"href":"https:\/\/peritaanalitik.com\/en\/wp-json\/wp\/v2\/pages\/6700\/revisions\/7292"}],"wp:attachment":[{"href":"https:\/\/peritaanalitik.com\/en\/wp-json\/wp\/v2\/media?parent=6700"}],"curies":[{"name":"wp","href":"https:\/\/api.w.org\/{rel}","templated":true}]}}