{"id":6686,"date":"2016-03-04T02:30:30","date_gmt":"2016-03-04T02:30:30","guid":{"rendered":"http:\/\/peritaanalitik.com\/yayinlarimiz\/"},"modified":"2022-01-08T10:53:55","modified_gmt":"2022-01-08T10:53:55","slug":"publications","status":"publish","type":"page","link":"https:\/\/peritaanalitik.com\/en\/publications\/","title":{"rendered":"Publications"},"content":{"rendered":"\t\t<div data-elementor-type=\"wp-post\" data-elementor-id=\"6686\" class=\"elementor elementor-6686 elementor-506\" data-elementor-settings=\"[]\">\n\t\t\t\t\t\t\t<div class=\"elementor-section-wrap\">\n\t\t\t\t\t\t\t<section class=\"elementor-section elementor-top-section elementor-element elementor-element-4d2980f elementor-section-boxed elementor-section-height-default elementor-section-height-default\" data-id=\"4d2980f\" data-element_type=\"section\">\n\t\t\t\t\t\t<div class=\"elementor-container elementor-column-gap-default\">\n\t\t\t\t\t<div class=\"elementor-column elementor-col-100 elementor-top-column elementor-element elementor-element-cc38b96\" data-id=\"cc38b96\" data-element_type=\"column\">\n\t\t\t<div class=\"elementor-widget-wrap elementor-element-populated\">\n\t\t\t\t\t\t\t\t<div class=\"elementor-element elementor-element-c44d968 elementor-widget elementor-widget-gva-posts\" data-id=\"c44d968\" data-element_type=\"widget\" data-widget_type=\"gva-posts.default\">\n\t\t\t\t<div class=\"elementor-widget-container\">\n\t\t\t<div class=\"gva-element-gva-posts gva-element\">  \r\n  <div class=\"gva-posts-grid clearfix gva-posts\">\r\n      <div class=\"gva-content-items\"> \r\n        <div class=\"lg-block-grid-3 md-block-grid-3 sm-block-grid-2 xs-block-grid-1\">\r\n          \r\n<div class=\"all  item-columns\">\r\n   <article id=\"post-6689\" class=\"post post-6689 type-post status-publish format-gallery has-post-thumbnail hentry post_format-post-format-gallery\">\r\n      <div class=\"post-thumbnail\">\r\n         <img width=\"433\" height=\"291\" src=\"https:\/\/peritaanalitik.com\/wp-content\/uploads\/2022\/01\/Film20Clapboard.png\" class=\"attachment-oxpitan_medium size-oxpitan_medium wp-post-image\" alt=\"Hizmet Odakl\u0131 Tasar\u0131m Ve Verimlilik\" loading=\"lazy\" \/>         <div class=\"post-author\"><span>By <\/span>Perita Analitik<\/div>\r\n      <\/div>   \r\n\r\n      <div class=\"entry-content\">\r\n         \r\n         <div class=\"content-inner\">\r\n            <div class=\"entry-meta\">\r\n               <span class=\"entry-date\"><a href=\"https:\/\/peritaanalitik.com\/en\/hizmet-odakli-tasarim-ve-verimlilik\/\" rel=\"bookmark\"><time class=\"entry-date\" datetime=\"2022-01-04T03:30:00+00:00\">January 4, 2022<\/time><\/a><\/span>            <\/div> \r\n            <h2 class=\"entry-title\"><a href=\"https:\/\/peritaanalitik.com\/en\/hizmet-odakli-tasarim-ve-verimlilik\/\" rel=\"bookmark\">Hizmet Odakl\u0131 Tasar\u0131m Ve Verimlilik<\/a><\/h2>\r\n            <div class=\"entry-description\">\r\n               2020, neredeyse her alan\u0131 kapsayan geni\u015f bir yelpaze alt\u0131nda ani de\u011fi\u015fikliklerin...            <\/div>\r\n         <\/div>\r\n\r\n         <div class=\"read-more\"><a class=\"btn-inline\" href=\"https:\/\/peritaanalitik.com\/en\/hizmet-odakli-tasarim-ve-verimlilik\/\">Read more <\/a><\/div>\r\n         \r\n      <\/div>\r\n   <\/article>   \r\n<\/div>\r\n\r\n  \r\n<div class=\"all  item-columns\">\r\n   <article id=\"post-6690\" class=\"post post-6690 type-post status-publish format-video has-post-thumbnail hentry post_format-post-format-video\">\r\n      <div class=\"post-thumbnail\">\r\n         <img width=\"489\" height=\"326\" src=\"https:\/\/peritaanalitik.com\/wp-content\/uploads\/2022\/01\/GreenDeal.png\" class=\"attachment-oxpitan_medium size-oxpitan_medium wp-post-image\" alt=\"360 Derece \u201cYe\u015fil Mutabakat\u201d\" loading=\"lazy\" \/>         <div class=\"post-author\"><span>By <\/span>Perita Analitik<\/div>\r\n      <\/div>   \r\n\r\n      <div class=\"entry-content\">\r\n         \r\n         <div class=\"content-inner\">\r\n            <div class=\"entry-meta\">\r\n               <span class=\"entry-date\"><a href=\"https:\/\/peritaanalitik.com\/en\/360-derece-yesil-mutabakat\/\" rel=\"bookmark\"><time class=\"entry-date\" datetime=\"2022-01-04T03:28:00+00:00\">January 4, 2022<\/time><\/a><\/span>            <\/div> \r\n            <h2 class=\"entry-title\"><a href=\"https:\/\/peritaanalitik.com\/en\/360-derece-yesil-mutabakat\/\" rel=\"bookmark\">360 Derece \u201cYe\u015fil Mutabakat\u201d<\/a><\/h2>\r\n            <div class=\"entry-description\">\r\n               \u201cYe\u015fil Mutabakat\u201d\u0131 (Green Deal) her y\u00f6n\u00fcyle ele almay\u0131 planlad\u0131\u011f\u0131m\u0131z...            <\/div>\r\n         <\/div>\r\n\r\n         <div class=\"read-more\"><a class=\"btn-inline\" href=\"https:\/\/peritaanalitik.com\/en\/360-derece-yesil-mutabakat\/\">Read more <\/a><\/div>\r\n         \r\n      <\/div>\r\n   <\/article>   \r\n<\/div>\r\n\r\n  \r\n<div class=\"all  item-columns\">\r\n   <article id=\"post-6692\" class=\"post post-6692 type-post status-publish format-standard has-post-thumbnail hentry\">\r\n      <div class=\"post-thumbnail\">\r\n         <img width=\"492\" height=\"329\" src=\"https:\/\/peritaanalitik.com\/wp-content\/uploads\/2022\/01\/Doctor20online2C20Online20medical20communicat.png\" class=\"attachment-oxpitan_medium size-oxpitan_medium wp-post-image\" alt=\"Sa\u011fl\u0131k Olsun\u2026\" loading=\"lazy\" \/>         <div class=\"post-author\"><span>By <\/span>Perita Analitik<\/div>\r\n      <\/div>   \r\n\r\n      <div class=\"entry-content\">\r\n         \r\n         <div class=\"content-inner\">\r\n            <div class=\"entry-meta\">\r\n               <span class=\"entry-date\"><a href=\"https:\/\/peritaanalitik.com\/en\/saglik-olsun\/\" rel=\"bookmark\"><time class=\"entry-date\" datetime=\"2022-01-04T03:27:00+00:00\">January 4, 2022<\/time><\/a><\/span>            <\/div> \r\n            <h2 class=\"entry-title\"><a href=\"https:\/\/peritaanalitik.com\/en\/saglik-olsun\/\" rel=\"bookmark\">Sa\u011fl\u0131k Olsun\u2026<\/a><\/h2>\r\n            <div class=\"entry-description\">\r\n               Kanuni Sultan S\u00fcleyman\u2019\u0131n as\u0131rlar \u00f6nce hasta yata\u011f\u0131nda s\u00f6yledi\u011fi s\u00f6zde iki farkl\u0131...            <\/div>\r\n         <\/div>\r\n\r\n         <div class=\"read-more\"><a class=\"btn-inline\" href=\"https:\/\/peritaanalitik.com\/en\/saglik-olsun\/\">Read more <\/a><\/div>\r\n         \r\n      <\/div>\r\n   <\/article>   \r\n<\/div>\r\n\r\n  \r\n<div class=\"all genel-en genel-en genel-en genel-en genel-en genel-en  item-columns\">\r\n   <article id=\"post-6691\" class=\"post post-6691 type-post status-publish format-standard has-post-thumbnail hentry category-genel-en\">\r\n      <div class=\"post-thumbnail\">\r\n         <img width=\"492\" height=\"329\" src=\"https:\/\/peritaanalitik.com\/wp-content\/uploads\/2022\/01\/Sehirlerin-Dijital-Donusumu-ve-Akilli-Sehirler.jpg\" class=\"attachment-oxpitan_medium size-oxpitan_medium wp-post-image\" alt=\"\u015eehirlerin Dijital D\u00f6n\u00fc\u015f\u00fcm\u00fc ve Ak\u0131ll\u0131 \u015eehirler\" loading=\"lazy\" \/>         <div class=\"post-author\"><span>By <\/span>Perita Analitik<\/div>\r\n      <\/div>   \r\n\r\n      <div class=\"entry-content\">\r\n         \r\n         <div class=\"content-inner\">\r\n            <div class=\"entry-meta\">\r\n               <span class=\"entry-date\"><a href=\"https:\/\/peritaanalitik.com\/en\/sehirlerin-dijital-donusumu-ve-akilli-sehirler\/\" rel=\"bookmark\"><time class=\"entry-date\" datetime=\"2022-01-04T03:27:00+00:00\">January 4, 2022<\/time><\/a><\/span>            <\/div> \r\n            <h2 class=\"entry-title\"><a href=\"https:\/\/peritaanalitik.com\/en\/sehirlerin-dijital-donusumu-ve-akilli-sehirler\/\" rel=\"bookmark\">\u015eehirlerin Dijital D\u00f6n\u00fc\u015f\u00fcm\u00fc ve Ak\u0131ll\u0131 \u015eehirler<\/a><\/h2>\r\n            <div class=\"entry-description\">\r\n               T\u00fcrkiye'nin dijital d\u00f6n\u00fc\u015f\u00fcm platformu TD FORUM\u2019un DX E\u011fitim Serisi canl\u0131...            <\/div>\r\n         <\/div>\r\n\r\n         <div class=\"read-more\"><a class=\"btn-inline\" href=\"https:\/\/peritaanalitik.com\/en\/sehirlerin-dijital-donusumu-ve-akilli-sehirler\/\">Read more <\/a><\/div>\r\n         \r\n      <\/div>\r\n   <\/article>   \r\n<\/div>\r\n\r\n  \r\n<div class=\"all  item-columns\">\r\n   <article id=\"post-6693\" class=\"post post-6693 type-post status-publish format-standard has-post-thumbnail hentry\">\r\n      <div class=\"post-thumbnail\">\r\n         <img width=\"489\" height=\"326\" src=\"https:\/\/peritaanalitik.com\/wp-content\/uploads\/2022\/01\/The-Power-Couple-Of-Health.png\" class=\"attachment-oxpitan_medium size-oxpitan_medium wp-post-image\" alt=\"The Power Couple Of Health\" loading=\"lazy\" \/>         <div class=\"post-author\"><span>By <\/span>Perita Analitik<\/div>\r\n      <\/div>   \r\n\r\n      <div class=\"entry-content\">\r\n         \r\n         <div class=\"content-inner\">\r\n            <div class=\"entry-meta\">\r\n               <span class=\"entry-date\"><a href=\"https:\/\/peritaanalitik.com\/en\/the-power-couple-of-health\/\" rel=\"bookmark\"><time class=\"entry-date\" datetime=\"2022-01-04T03:26:00+00:00\">January 4, 2022<\/time><\/a><\/span>            <\/div> \r\n            <h2 class=\"entry-title\"><a href=\"https:\/\/peritaanalitik.com\/en\/the-power-couple-of-health\/\" rel=\"bookmark\">The Power Couple Of Health<\/a><\/h2>\r\n            <div class=\"entry-description\">\r\n               \u201cFuture of health\u201d rings the same bells for most people: a much more efficient and...            <\/div>\r\n         <\/div>\r\n\r\n         <div class=\"read-more\"><a class=\"btn-inline\" href=\"https:\/\/peritaanalitik.com\/en\/the-power-couple-of-health\/\">Read more <\/a><\/div>\r\n         \r\n      <\/div>\r\n   <\/article>   \r\n<\/div>\r\n\r\n  \r\n<div class=\"all  item-columns\">\r\n   <article id=\"post-6694\" class=\"post post-6694 type-post status-publish format-video has-post-thumbnail hentry post_format-post-format-video\">\r\n      <div class=\"post-thumbnail\">\r\n         <img width=\"489\" height=\"326\" src=\"https:\/\/peritaanalitik.com\/wp-content\/uploads\/2022\/01\/Hand20turning20a20knob20to20the20top20position2C.png\" class=\"attachment-oxpitan_medium size-oxpitan_medium wp-post-image\" alt=\"Deneyim Odakl\u0131 Organizasyona Do\u011fru\u2026\" loading=\"lazy\" \/>         <div class=\"post-author\"><span>By <\/span>Perita Analitik<\/div>\r\n      <\/div>   \r\n\r\n      <div class=\"entry-content\">\r\n         \r\n         <div class=\"content-inner\">\r\n            <div class=\"entry-meta\">\r\n               <span class=\"entry-date\"><a href=\"https:\/\/peritaanalitik.com\/en\/deneyim-odakli-organizasyona-dogru\/\" rel=\"bookmark\"><time class=\"entry-date\" datetime=\"2022-01-04T01:26:00+00:00\">January 4, 2022<\/time><\/a><\/span>            <\/div> \r\n            <h2 class=\"entry-title\"><a href=\"https:\/\/peritaanalitik.com\/en\/deneyim-odakli-organizasyona-dogru\/\" rel=\"bookmark\">Deneyim Odakl\u0131 Organizasyona Do\u011fru\u2026<\/a><\/h2>\r\n            <div class=\"entry-description\">\r\n               \u201cDe\u011fi\u015fen organizasyon\u201d kavram\u0131n\u0131 belki de her okudu\u011funuz 10 makalenin 7\u2019sinde...            <\/div>\r\n         <\/div>\r\n\r\n         <div class=\"read-more\"><a class=\"btn-inline\" href=\"https:\/\/peritaanalitik.com\/en\/deneyim-odakli-organizasyona-dogru\/\">Read more <\/a><\/div>\r\n         \r\n      <\/div>\r\n   <\/article>   \r\n<\/div>\r\n\r\n          <\/div>\r\n      <\/div>\r\n                <div class=\"pagination\">\r\n                        <\/div>\r\n        <\/div>\r\n  <\/div>\t\t<\/div>\n\t\t\t\t<\/div>\n\t\t\t\t\t<\/div>\n\t\t<\/div>\n\t\t\t\t\t\t\t<\/div>\n\t\t<\/section>\n\t\t\t\t\t\t<\/div>\n\t\t\t\t\t<\/div>\n\t\t","protected":false},"excerpt":{"rendered":"<p>By peritaanalitik Ocak 3, 2016 Hizmet Odakl\u0131 Tasar\u0131m Ve Verimlilik 2020, neredeyse her alan\u0131 kapsayan geni\u015f bir yelpaze alt\u0131nda ani de\u011fi\u015fikliklerin&#8230; Read more By peritaanalitik Ocak 3, 2016 360 Derece \u201cYe\u015fil Mutabakat\u201d \u201cYe\u015fil Mutabakat\u201d\u0131 (Green Deal) her y\u00f6n\u00fcyle ele almay\u0131 planlad\u0131\u011f\u0131m\u0131z&#8230; Read more By peritaanalitik Ocak 3, 2016 Sa\u011fl\u0131k Olsun\u2026 Kanuni Sultan S\u00fcleyman\u2019\u0131n as\u0131rlar \u00f6nce [&hellip;]<\/p>\n","protected":false},"author":1,"featured_media":0,"parent":0,"menu_order":0,"comment_status":"closed","ping_status":"closed","template":"","meta":[],"_links":{"self":[{"href":"https:\/\/peritaanalitik.com\/en\/wp-json\/wp\/v2\/pages\/6686"}],"collection":[{"href":"https:\/\/peritaanalitik.com\/en\/wp-json\/wp\/v2\/pages"}],"about":[{"href":"https:\/\/peritaanalitik.com\/en\/wp-json\/wp\/v2\/types\/page"}],"author":[{"embeddable":true,"href":"https:\/\/peritaanalitik.com\/en\/wp-json\/wp\/v2\/users\/1"}],"replies":[{"embeddable":true,"href":"https:\/\/peritaanalitik.com\/en\/wp-json\/wp\/v2\/comments?post=6686"}],"version-history":[{"count":1,"href":"https:\/\/peritaanalitik.com\/en\/wp-json\/wp\/v2\/pages\/6686\/revisions"}],"predecessor-version":[{"id":6688,"href":"https:\/\/peritaanalitik.com\/en\/wp-json\/wp\/v2\/pages\/6686\/revisions\/6688"}],"wp:attachment":[{"href":"https:\/\/peritaanalitik.com\/en\/wp-json\/wp\/v2\/media?parent=6686"}],"curies":[{"name":"wp","href":"https:\/\/api.w.org\/{rel}","templated":true}]}}